{"id":101,"date":"2010-03-16T14:29:23","date_gmt":"2010-03-16T13:29:23","guid":{"rendered":"http:\/\/www.breitscheid-grundschule.de\/wp\/?page_id=101"},"modified":"2026-05-07T12:42:35","modified_gmt":"2026-05-07T11:42:35","slug":"aktivitaten","status":"publish","type":"page","link":"http:\/\/www.breitscheid-grundschule.de\/wp\/?page_id=101","title":{"rendered":"Hausaufgaben- und Mittagsbetreuung"},"content":{"rendered":"\n<div class=\"wp-block-group\"><div class=\"wp-block-group__inner-container is-layout-constrained wp-block-group-is-layout-constrained\">\n<div class=\"wp-block-group is-vertical is-layout-flex wp-container-core-group-is-layout-1 wp-block-group-is-layout-flex\">\n<p><strong>WICHTIGE INFO: <\/strong>F\u00fcr das Schuljahr 2025\/26 ist unsere Betreuungskapazit\u00e4t erreicht, daher sind weitere Aufnahmen in die Nachmittagsbetreuung im Moment nicht m\u00f6glich. Falls sich dies \u00e4ndern sollte, werden wir Sie hier informieren.<\/p>\n\n\n\n<p class=\"has-medium-pink-color has-text-color has-medium-font-size\"><strong>Informationen zur Nachmittagsbetreuung<\/strong>:<\/p>\n\n\n\n<p style=\"font-size:13px\"><strong>Aktueller Essensplan<\/strong> (jeden Freitag neu f\u00fcr die kommende Woche)<\/p>\n\n\n\n<p class=\"has-medium-font-size\"><strong><a href=\"http:\/\/www.breitscheid-grundschule.de\/wp\/wp-content\/uploads\/2026\/05\/Essensplan_11052026.pdf\">Essensplan ab 11.05.2026<\/a><\/strong><\/p>\n\n\n\n<p><strong>&#8212;&#8212;&#8212;&#8212;&#8212;&#8212;&#8212;&#8212;&#8212;&#8212;&#8212;&#8212;&#8212;&#8212;&#8212;&#8212;&#8212;&#8212;&#8212;&#8212;&#8212;&#8212;&#8212;&#8212;-<\/strong><\/p>\n\n\n\n<p class=\"has-medium-pink-color has-text-color has-medium-font-size\"><strong>Herzlich Willkommen,<\/strong><strong><\/strong><\/p>\n\n\n\n<p class=\"has-small-font-size\">dies gilt in unserer Nachmittagsbetreuung f\u00fcr alle Kinder unserer Schulgemeinschaft.<\/p>\n\n\n\n<p class=\"has-small-font-size\"><strong>\u00d6ffnungszeiten im Schulbetrieb:&nbsp;&nbsp;&nbsp;&nbsp;&nbsp;&nbsp; Mo &#8211; Fr&nbsp;&nbsp;11.30 Uhr bis 15.30 Uhr<\/strong><\/p>\n\n\n\n<p class=\"has-small-font-size\"><strong>Telefon ab 11.30 Uhr:&nbsp;&nbsp;&nbsp;&nbsp;&nbsp;&nbsp;&nbsp;&nbsp;&nbsp;&nbsp;&nbsp;&nbsp;&nbsp;&nbsp;&nbsp;&nbsp;&nbsp;&nbsp;&nbsp;&nbsp;&nbsp; &nbsp;&nbsp;&nbsp;     02638-946080 (Festnetz) \/ 0160 &#8211; 46 87 894 (Mobil)<\/strong>                   <\/p>\n\n\n\n<p class=\"has-small-font-size\">&nbsp;Um Ihr Kind f\u00fcr die Nachmittagsbetreuung anzumelden, bitten wir Sie, uns eine Mail an <strong><a href=\"mailto:betreuung@breitscheid-grundschule.de\" target=\"_blank\" rel=\"noreferrer noopener\">betreuung@breitscheid-grundschule.de<\/a><\/strong> zu senden oder die unter dem unten aufgef\u00fchrten Link gelisteten Formulare ausgef\u00fcllt im Sekretariat abzugeben.<\/p>\n\n\n\n<p class=\"has-small-font-size\">Auf dem Anmeldeformular f\u00fcr die Betreuung finden Sie ebenfalls die zu zahlenden Beitr\u00e4ge f\u00fcr die Betreuungszeiten. Falls Sie Fragen hierzu haben k\u00f6nnen Sie uns gern per Mail oder telefonisch im <strong>Sekretariat unter 02638-4966<\/strong> kontaktieren.<\/p>\n\n\n\n<p class=\"has-small-font-size\"><strong>Die Anmeldung zur Betreuung bedeutet gleichzeitig eine Anmeldung zum Mittagessen. <\/strong>Jedoch ist ein separates Formular f\u00fcr die Anmeldung des Mittagessens erforderlich. Daher m\u00f6chten wir Sie bitten, falls Ihr Kind am Mittagessen teilnehmen soll, ebenfalls das entsprechende Formular ausgef\u00fcllt im Sekretariat abzugeben.<\/p>\n\n\n\n<p class=\"has-small-font-size\">Falls Sie eine individuelle Anmeldung zum Mittagessen w\u00e4hlen, muss eine jeweilige Essensbestellung bis <strong>sp\u00e4testens montags 8.30 Uhr oder am Vortag des Betreuungstag<\/strong> bei uns eingegangen sein. Um dem Personal Bescheid geben zu k\u00f6nnen, welche Kinder am Mittagessen teilnehmen werden. Falls Sie Ihr Kind permanent\/verbindlich f\u00fcrs Essen angemeldet haben ist nur eine Abmeldung n\u00f6tig, im Falle dessen, dass Ihr Kind mal nicht mitessen sollten.<\/p>\n\n\n\n<p class=\"has-small-font-size\">Das Mittagessen f\u00fcr unsere Betreuungskinder wird kindgerecht in der K\u00fcche unserer benachbarten Kita \u201eHaus Kunterbunt\u201c frisch zubereitet, unteranderem auch&nbsp; Backwaren wie Brot, Cookies oder Berliner. Abwechselnd mit dem Kindergarten werden auch Wunschgerichte der Kinder ber\u00fccksichtigt. Hierzu haben wir eine Essenswunschbox eingef\u00fchrt in der von jedem Kind (vorausgesetzt es nimmt an der Nachmittagsbetreuung teil) ein Essenswunschzettel enthalten ist. Durch eine Ziehung wird dann das n\u00e4chste Wunschessen ermittelt.<\/p>\n\n\n\n<p class=\"has-small-font-size\">Pro Essen werden <strong>4,50 \u20ac<\/strong> berechnet (\u00c4nderungen vorbehalten). Die Abrechnung erfolgt monatlich per Lastschrift durch die VG Rengsdorf-Waldbreitbach. Sie erhalten hierzu f\u00fcr die angemeldeten Essen Ihres Kindes eine Abrechnungs\u00fcbersicht von uns. &nbsp;<strong>Bitte besprechen Sie ebenfalls mit Ihrem Kind ob es das Essen auf dem Essensplan mag, da wir sehr darauf achten das Wegschmei\u00dfen von Lebensmitteln zu vermeiden.<\/strong> <\/p>\n\n\n\n<p class=\"has-dark-gray-color has-text-color has-small-font-size\">Falls Ihr Kind krank wird und Sie dies in der Schule krankmelden, bitten wir Sie im selben Zuge das Essen abzubestellen. Dies muss <strong>bis sp\u00e4tetestens 9.00 Uhr am Meldetag per Mail bei betreuung@breitscheid-grundschule.de <\/strong>eingegangen sein. <strong>Die Lehrkr\u00e4fte haben keine Info welches Kind mitessen wird, daher MUSS die Abmeldung vom Essen separat erfolgen.<\/strong><\/p>\n\n\n\n<p class=\"has-medium-pink-color has-text-color has-medium-font-size\"><strong><u>Tagesablauf:<\/u><\/strong><\/p>\n\n\n\n<p class=\"has-small-font-size\">Unsere Hausaufgabenbetreuung beginnt um 11:45 Uhr f\u00fcr die Klassen 1 und 2 und um 12:45 Uhr f\u00fcr die Klassen 3 und 4. Die Kinder k\u00f6nnen dann ihr Mittagessen einnehmen und eine kleine Pause machen, danach ist Hausaufgabenzeit (f\u00fcr die Klassen 1 u. 2 bis max. 13.30, f\u00fcr die Klassen 3 u. 4 bis max. 14.45) . <strong>Bitte besprechen Sie mit Ihrem Kind, dass es sich w\u00e4hrend der Hausaufgabenzeit leise zu verhalten hat zur R\u00fccksicht auf die Mitsch\u00fcler, die ebenfalls konzentriert arbeiten m\u00f6chten. Ebenfalls m\u00f6chten wir Sie bitten, die Abholung Ihres Kindes w\u00e4hrend der HA-Zeit leise zu gestalten, damit die Kinder nicht zu sehr abgelenkt werden.<\/strong><\/p>\n\n\n\n<p><strong>Wir weisen daraufhin, dass<\/strong><\/p>\n\n\n\n<p class=\"has-small-font-size\">&lt;&lt; Das betreuende Personal ist stets bem\u00fcht die Vollst\u00e4ndigkeit und Richtigkeit der Hausaufgaben Ihrer Kinder zu gew\u00e4hrleisten. Die Kontrollpflicht der Hausaufgaben liegt jedoch allein in der Verantwortung der Eltern.<\/p>\n\n\n\n<p class=\"has-small-font-size\">&lt;&lt; Die Aufsicht in der Betreuung ist zu jeder Zeit gegeben.<\/p>\n\n\n\n<p class=\"has-small-font-size\">&lt;&lt; Bitte wirken Sie als Eltern <a href=\"https:\/\/www.columbiahistory.net\">columbiahistory <\/a>auf Ihre Kinder ein, die Anweisungen des betreuenden Personals zu befolgen. Es gibt immer wieder Kinder, die sich weigern ihre Hausaufgaben zu erledigen oder sich nicht an die Regeln halten und dadurch andere Kinder beim Erledigen der Hausaufgaben st\u00f6ren.<\/p>\n\n\n\n<p class=\"has-small-font-size\">&lt;&lt; Bei Fragen oder Problemen bez\u00fcglich der Hausaufgabenbetreuung k\u00f6nnen Sie sich gerne w\u00e4hrend der <strong>\u00d6ffnungszeiten, von 11.30 Uhr bis 15.30 Uhr<\/strong>, an das Betreuungspersonal wenden oder eine Mail an <strong>betreuung@breitscheid-grundschule.de<\/strong><\/p>\n\n\n\n<p class=\"has-bright-blue-color has-text-color\"><strong><a href=\"http:\/\/www.breitscheid-grundschule.de\/wp\/wp-content\/uploads\/2025\/05\/Betreuungsordnung-2025_26-unterzeichnet.pdf\">Betreuungsordnung NEU (g\u00fcltig ab SJ 2025\/26<\/a><\/strong><\/p>\n<\/div>\n\n\n\n<p><\/p>\n\n\n\n<div class=\"wp-block-group is-vertical is-layout-flex wp-container-core-group-is-layout-2 wp-block-group-is-layout-flex\">\n<p class=\"has-medium-pink-color has-text-color has-medium-font-size\"><strong>Anmeldeformulare zur Betreuung<\/strong> <strong>und<\/strong> <\/p>\n\n\n\n<p class=\"has-medium-pink-color has-text-color has-medium-font-size\"><strong>zum Mittagstisch finden Sie <a href=\"http:\/\/www.breitscheid-grundschule.de\/wp\/?page_id=4562\">hier<\/a> !<\/strong><\/p>\n<\/div>\n<\/div><\/div>\n","protected":false},"excerpt":{"rendered":"<p>WICHTIGE INFO: F\u00fcr das Schuljahr 2025\/26 ist unsere Betreuungskapazit\u00e4t erreicht, daher sind weitere Aufnahmen in die Nachmittagsbetreuung im Moment nicht m\u00f6glich. Falls sich dies \u00e4ndern sollte, werden wir Sie hier informieren. Informationen zur Nachmittagsbetreuung: Aktueller Essensplan (jeden Freitag neu f\u00fcr die kommende Woche) Essensplan ab 11.05.2026 &#8212;&#8212;&#8212;&#8212;&#8212;&#8212;&#8212;&#8212;&#8212;&#8212;&#8212;&#8212;&#8212;&#8212;&#8212;&#8212;&#8212;&#8212;&#8212;&#8212;&#8212;&#8212;&#8212;&#8212;- Herzlich Willkommen, dies gilt in unserer Nachmittagsbetreuung f\u00fcr &hellip; <a href=\"http:\/\/www.breitscheid-grundschule.de\/wp\/?page_id=101\" class=\"more-link\"><span class=\"screen-reader-text\">Hausaufgaben- und Mittagsbetreuung<\/span> weiterlesen<\/a><\/p>\n","protected":false},"author":1,"featured_media":0,"parent":0,"menu_order":3,"comment_status":"closed","ping_status":"open","template":"","meta":{"footnotes":""},"class_list":["post-101","page","type-page","status-publish","hentry"],"_links":{"self":[{"href":"http:\/\/www.breitscheid-grundschule.de\/wp\/index.php?rest_route=\/wp\/v2\/pages\/101"}],"collection":[{"href":"http:\/\/www.breitscheid-grundschule.de\/wp\/index.php?rest_route=\/wp\/v2\/pages"}],"about":[{"href":"http:\/\/www.breitscheid-grundschule.de\/wp\/index.php?rest_route=\/wp\/v2\/types\/page"}],"author":[{"embeddable":true,"href":"http:\/\/www.breitscheid-grundschule.de\/wp\/index.php?rest_route=\/wp\/v2\/users\/1"}],"replies":[{"embeddable":true,"href":"http:\/\/www.breitscheid-grundschule.de\/wp\/index.php?rest_route=%2Fwp%2Fv2%2Fcomments&post=101"}],"version-history":[{"count":321,"href":"http:\/\/www.breitscheid-grundschule.de\/wp\/index.php?rest_route=\/wp\/v2\/pages\/101\/revisions"}],"predecessor-version":[{"id":6477,"href":"http:\/\/www.breitscheid-grundschule.de\/wp\/index.php?rest_route=\/wp\/v2\/pages\/101\/revisions\/6477"}],"wp:attachment":[{"href":"http:\/\/www.breitscheid-grundschule.de\/wp\/index.php?rest_route=%2Fwp%2Fv2%2Fmedia&parent=101"}],"curies":[{"name":"wp","href":"https:\/\/api.w.org\/{rel}","templated":true}]}}