{"id":1178,"date":"2013-07-14T14:55:32","date_gmt":"2013-07-14T13:55:32","guid":{"rendered":"http:\/\/www.breitscheid-grundschule.de\/wp\/?page_id=1178"},"modified":"2026-03-12T08:43:18","modified_gmt":"2026-03-12T07:43:18","slug":"termine-2","status":"publish","type":"page","link":"http:\/\/www.breitscheid-grundschule.de\/wp\/?page_id=1178","title":{"rendered":"Termine \/ Ferien"},"content":{"rendered":"\n<ul class=\"wp-block-list\">\n<li>22.04.2026 bis 24.04.2026  Projekttage<\/li>\n\n\n\n<li>19.06.2026 Sportfest (BJS)<\/li>\n\n\n\n<li><strong>22.06.2026<\/strong> Sportfest (BJS) &#8211; Ausweichtermin<\/li>\n<\/ul>\n\n\n\n<p>==========================================================<\/p>\n\n\n\n<div class=\"wp-block-group\"><div class=\"wp-block-group__inner-container is-layout-constrained wp-block-group-is-layout-constrained\">\n<h4 class=\"wp-block-heading has-text-color\" style=\"color:#821624\"><span style=\"color: #800000;\"><strong>Ferien im Schuljahr 2025<\/strong><\/span>\/2026<\/h4>\n\n\n\n<div class=\"wp-block-columns is-layout-flex wp-container-core-columns-is-layout-1 wp-block-columns-is-layout-flex\">\n<div class=\"wp-block-column is-layout-flow wp-block-column-is-layout-flow\" style=\"flex-basis:100%\">\n<div class=\"wp-block-group is-vertical is-layout-flex wp-container-core-group-is-layout-1 wp-block-group-is-layout-flex\">\n<ul class=\"wp-block-list\">\n<li>Osterferien:&nbsp;&nbsp;&nbsp;&nbsp;&nbsp;&nbsp;&nbsp;&nbsp;&nbsp;&nbsp;&nbsp;&nbsp;&nbsp;&nbsp;&nbsp;&nbsp;&nbsp;&nbsp;&nbsp;&nbsp;&nbsp;&nbsp;&nbsp;&nbsp;&nbsp;&nbsp;&nbsp;&nbsp;&nbsp; &nbsp; &nbsp;&nbsp;&nbsp;&nbsp; 30.03.2026 bis 10.04.2026<\/li>\n\n\n\n<li>Pfingsferien:  &nbsp;&nbsp;&nbsp;&nbsp;&nbsp;&nbsp;&nbsp;&nbsp;&nbsp;&nbsp;&nbsp;&nbsp;&nbsp;&nbsp;&nbsp;&nbsp;&nbsp;&nbsp;&nbsp;&nbsp;&nbsp;&nbsp;&nbsp;&nbsp;&nbsp;&nbsp;&nbsp;&nbsp;&nbsp; &nbsp; &nbsp;&nbsp;                                    &#8212;&#8212;-<\/li>\n\n\n\n<li>Sommerferien: &nbsp;&nbsp;&nbsp;&nbsp;&nbsp;&nbsp;&nbsp;&nbsp;&nbsp;&nbsp;&nbsp;&nbsp;&nbsp;&nbsp;&nbsp;&nbsp;&nbsp;&nbsp;&nbsp;&nbsp;&nbsp;&nbsp;&nbsp;&nbsp;&nbsp; &nbsp; &nbsp;&nbsp; 29.06.2026 bis 07.08.2026<\/li>\n\n\n\n<li>Herbstferien:&nbsp;&nbsp;&nbsp;&nbsp;&nbsp;&nbsp;&nbsp;&nbsp;&nbsp;&nbsp;&nbsp;&nbsp;&nbsp;&nbsp;&nbsp;&nbsp;&nbsp;&nbsp;&nbsp;&nbsp;&nbsp;&nbsp;&nbsp;&nbsp;&nbsp;&nbsp;&nbsp; &nbsp; &nbsp; &nbsp;&nbsp; 13.10.2025 bis 24.10.2025<\/li>\n\n\n\n<li>Weihnachtsferien:&nbsp;&nbsp;&nbsp;&nbsp;&nbsp;&nbsp;&nbsp;&nbsp;&nbsp;&nbsp;&nbsp;&nbsp;&nbsp;&nbsp;&nbsp;&nbsp;&nbsp;&nbsp;&nbsp;&nbsp;&nbsp;&nbsp;&nbsp; &nbsp;&nbsp;22.12.2025 bis 07.01.2026<\/li>\n<\/ul>\n<\/div>\n<\/div>\n<\/div>\n<\/div><\/div>\n\n\n\n<div class=\"wp-block-group\"><div class=\"wp-block-group__inner-container is-layout-constrained wp-block-group-is-layout-constrained\">\n<div class=\"wp-block-group\"><div class=\"wp-block-group__inner-container is-layout-constrained wp-block-group-is-layout-constrained\">\n<h4 class=\"wp-block-heading\"><span style=\"color: #800000;\"><strong>bewegliche Ferientage im Schuljahr 2025\/26<\/strong><\/span><\/h4>\n\n\n\n<div class=\"wp-block-group is-vertical is-layout-flex wp-container-core-group-is-layout-3 wp-block-group-is-layout-flex\">\n<ul class=\"wp-block-list\">\n<li>13.02.2026&nbsp;&nbsp;&nbsp;&nbsp;&nbsp;&nbsp;&nbsp;&nbsp;&nbsp;&nbsp;&nbsp;&nbsp;&nbsp;&nbsp;&nbsp;&nbsp;&nbsp;&nbsp;&nbsp;&nbsp;&nbsp;&nbsp;&nbsp;&nbsp;&nbsp;&nbsp; &nbsp;&nbsp; Karneval<\/li>\n\n\n\n<li>16.02. &#8211; 17.02.2026&nbsp;&nbsp;&nbsp;&nbsp;&nbsp;&nbsp;&nbsp;&nbsp;&nbsp;&nbsp;&nbsp;&nbsp;&nbsp; Rosenmontag u. Faschingsdienstag<\/li>\n\n\n\n<li>15.05.2026&nbsp;&nbsp;&nbsp;&nbsp;&nbsp;&nbsp;&nbsp;&nbsp;&nbsp;&nbsp;&nbsp;&nbsp;&nbsp;&nbsp;&nbsp;&nbsp;&nbsp;&nbsp;&nbsp;&nbsp;&nbsp;&nbsp;&nbsp;&nbsp;&nbsp;&nbsp; &nbsp;&nbsp; Freitag nach Christi Himmelfahrt<\/li>\n<\/ul>\n<\/div>\n<\/div><\/div>\n\n\n\n<ul class=\"wp-block-list\">\n<li>26.05.2026&nbsp;&nbsp;&nbsp;&nbsp;&nbsp;&nbsp;&nbsp;&nbsp;&nbsp;&nbsp;&nbsp;&nbsp;&nbsp;&nbsp;&nbsp;&nbsp;&nbsp;&nbsp;&nbsp;&nbsp;&nbsp;&nbsp;&nbsp;&nbsp;&nbsp;&nbsp; &nbsp;&nbsp; Tag nach Pfingstmontag<\/li>\n\n\n\n<li>05.06.2025&nbsp;&nbsp;&nbsp;&nbsp;&nbsp;&nbsp;&nbsp;&nbsp;&nbsp;&nbsp;&nbsp;&nbsp;&nbsp;&nbsp;&nbsp;&nbsp;&nbsp;&nbsp;&nbsp;&nbsp;&nbsp;&nbsp;&nbsp;&nbsp;&nbsp;&nbsp; &nbsp;&nbsp; Freitag nach Fronleichnam<\/li>\n<\/ul>\n<\/div><\/div>\n\n\n\n<p><span style=\"color: #ff0000;\"><strong>Die angegebenen Daten k\u00f6nnen sich gegebenenfalls \u00e4ndern, daher bitten wir Sie, sich regelm\u00e4\u00dfig auf unserer Homepage zu Informieren.<\/strong><\/span><\/p>\n","protected":false},"excerpt":{"rendered":"<p>========================================================== Ferien im Schuljahr 2025\/2026 bewegliche Ferientage im Schuljahr 2025\/26 Die angegebenen Daten k\u00f6nnen sich gegebenenfalls \u00e4ndern, daher bitten wir Sie, sich regelm\u00e4\u00dfig auf unserer Homepage zu Informieren.<\/p>\n","protected":false},"author":1,"featured_media":0,"parent":0,"menu_order":0,"comment_status":"closed","ping_status":"open","template":"","meta":{"footnotes":""},"class_list":["post-1178","page","type-page","status-publish","hentry"],"_links":{"self":[{"href":"http:\/\/www.breitscheid-grundschule.de\/wp\/index.php?rest_route=\/wp\/v2\/pages\/1178"}],"collection":[{"href":"http:\/\/www.breitscheid-grundschule.de\/wp\/index.php?rest_route=\/wp\/v2\/pages"}],"about":[{"href":"http:\/\/www.breitscheid-grundschule.de\/wp\/index.php?rest_route=\/wp\/v2\/types\/page"}],"author":[{"embeddable":true,"href":"http:\/\/www.breitscheid-grundschule.de\/wp\/index.php?rest_route=\/wp\/v2\/users\/1"}],"replies":[{"embeddable":true,"href":"http:\/\/www.breitscheid-grundschule.de\/wp\/index.php?rest_route=%2Fwp%2Fv2%2Fcomments&post=1178"}],"version-history":[{"count":108,"href":"http:\/\/www.breitscheid-grundschule.de\/wp\/index.php?rest_route=\/wp\/v2\/pages\/1178\/revisions"}],"predecessor-version":[{"id":6448,"href":"http:\/\/www.breitscheid-grundschule.de\/wp\/index.php?rest_route=\/wp\/v2\/pages\/1178\/revisions\/6448"}],"wp:attachment":[{"href":"http:\/\/www.breitscheid-grundschule.de\/wp\/index.php?rest_route=%2Fwp%2Fv2%2Fmedia&parent=1178"}],"curies":[{"name":"wp","href":"https:\/\/api.w.org\/{rel}","templated":true}]}}