{"id":13,"date":"2009-03-23T12:05:33","date_gmt":"2009-03-23T11:05:33","guid":{"rendered":"http:\/\/www.breitscheid-grundschule.de\/wp\/?page_id=13"},"modified":"2024-09-19T09:10:36","modified_gmt":"2024-09-19T08:10:36","slug":"impressum","status":"publish","type":"page","link":"http:\/\/www.breitscheid-grundschule.de\/wp\/?page_id=13","title":{"rendered":"Impressum"},"content":{"rendered":"<h3><span style=\"color: #993300;\">Verantwortlich f\u00fcr den Inhalt der Seiten im Sinne des Teledienstgesetzes (TDG):<\/span><\/h3>\n<p><strong>Schulleitung: \u00a0 \u00a0 \u00a0 \u00a0 \u00a0\u00a0<\/strong> Annett Schramm<strong><br \/>\n<\/strong><\/p>\n<p>__________________________________________________________________________<\/p>\n<p><strong>Schultr\u00e4ger: \u00a0 \u00a0 \u00a0 \u00a0 \u00a0 \u00a0\u00a0<\/strong> Gemeinde Breitscheid<br \/>\n<strong>vertreten durch:<\/strong>\u00a0\u00a0\u00a0\u00a0\u00a0 B\u00fcrgermeisterin Rita Viccari<\/p>\n<p>___________________________________________________________________________<\/p>\n<p><span style=\"color: #800000;\"><strong>Kontakt:<\/strong><\/span><\/p>\n<p><span style=\"font-family: times new roman,times; font-size: 14px;\"><a href=\"mailto:info@breitscheid-grundschule.de\">info@breitscheid-grundschule.de<\/a><\/span><\/p>\n<p><span style=\"font-family: times new roman,times; font-size: 14px;\"><!-- document.write( '' ); \/\/--><\/span><span style=\"font-family: times new roman,times; font-size: 14px;\">Telefon\u00a0 +49 2638 4966<\/span><\/p>\n<p><span style=\"font-family: times new roman,times; font-size: 14px;\"><br \/>\n<\/span><span style=\"font-family: times new roman,times; font-size: 14px;\"> Grundschule Marienschule<\/span><br \/>\n<span style=\"font-family: times new roman,times; font-size: 14px;\">Marienstr. 2<br \/>\n53547 Breitscheid<\/span><\/p>\n<p>___________________________________<\/p>\n<p><span style=\"color: #800000;\"><strong>Redaktion:<\/strong><\/span><\/p>\n<p><strong>Sekret\u00e4rin:<\/strong>\u00a0 Simone Milz<\/p>\n<p>____________________________________<\/p>\n<h4><span style=\"color: #800000;\"><strong> Inhalt des Onlineangebotes<\/strong><\/span><\/h4>\n<p>Die Inhalte unserer Schulhomepage <span style=\"color: #800000;\"><em>www.breitscheid-grundschule.de<\/em><\/span> sollen Ihnen den Zugang zu Informationen \u00fcber unsere Schule erleichtern und ein zutreffendes Bild von den T\u00e4tigkeiten, Aktivit\u00e4ten und dem Leben der Grundschule Marienschule Breitscheid sowie der dort befindlichen Sch\u00fclerinnen und Sch\u00fcler vermitteln.<\/p>\n<p>Auf die Richtigkeit, Aktualit\u00e4t, Vollst\u00e4ndigkeit, Verst\u00e4ndlichkeit und Verf\u00fcgbarkeit der bereitgestellten Informationen wird zwar sehr sorgf\u00e4ltig geachtet, dennoch \u00fcbernimmt die Grundschule Marienschule Breitscheid keinerlei Gew\u00e4hr f\u00fcr die Richtigkeit, Vollst\u00e4ndigkeit, Verf\u00fcgbarkeit oder Aktualit\u00e4t der bereitgestellten Inhalte.<\/p>\n<p>Die Grundschule Marienschule Breitscheid haftet nicht f\u00fcr Sch\u00e4den materieller oder immaterieller Art, die durch die Nutzung oder Nichtnutzung angebotener Informationen oder dieses Internetangebots entstehen. F\u00fcr etwaige Sch\u00e4den, die beim Aufrufen oder Herunterladen von Daten durch Schadsoftware oder der Installation oder Nutzung von Software verursacht werden, wird nicht gehaftet, sofern seitens der Schule kein nachweislich vors\u00e4tzliches oder grob fahrl\u00e4ssiges Verschulden vorliegt. Ein Vertragsverh\u00e4ltnis mit den Nutzern des Internetangebots kommt nicht zustande.<\/p>\n<p>Alle Angebote sind freibleibend und unverbindlich. Die Grundschule Marienschule Breitscheid beh\u00e4lt es sich ausdr\u00fccklich vor, Teile der Seiten oder das gesamte Angebot ohne gesonderte Ank\u00fcndigung zu ver\u00e4ndern, zu erg\u00e4nzen, zu l\u00f6schen oder die Ver\u00f6ffentlichung zeitweise oder endg\u00fcltig einzustellen.<\/p>\n<h4><span style=\"color: #800000;\"><strong> Inhalte anderweitiger Anbieter (Verweise und externe Links):<\/strong><\/span><\/h4>\n<p>Die auf diesen Seiten evtl. vorhandenen direkten oder indirekten Verweise (\u201cLinks\u201c) zu Inhalten von Internetseiten Dritter (&#8222;fremden Inhalten&#8220;) wurden durch die Grundschule Marienschule Breitscheid nach bestem Wissen und unter Beachtung gr\u00f6\u00dftm\u00f6glicher Sorgfalt erstellt und vermitteln lediglich den Zugang zu &#8222;fremden Inhalten&#8220;. Dabei wurde auf die Vertrauensw\u00fcrdigkeit dritter Anbieter und die Fehlerfreiheit sowie Rechtm\u00e4\u00dfigkeit der &#8222;fremden Inhalte&#8220; besonders geachtet.<\/p>\n<p>Da jedoch der Inhalt von Internetseiten dynamisch ist und sich jederzeit \u00e4ndern kann, ist eine stetige Einzelfallpr\u00fcfung s\u00e4mtlicher Inhalte, auf die ein Verweis oder externer Link erstellt wurde, nicht in jedem Fall m\u00f6glich. Die Grundschule Marienschule Breitscheid macht sich deshalb den Inhalt von Internetseiten Dritter, die mit der eigenen Internetpr\u00e4senz verlinkt sind, insoweit ausdr\u00fccklich nicht zu eigen.<\/p>\n<p>F\u00fcr Sch\u00e4den aus der Nutzung oder Nichtnutzung &#8222;fremder Inhalte&#8220; haftet ausschlie\u00dflich der jeweilige Anbieter der Seite, auf die verwiesen wurde.<\/p>\n<h4><span style=\"color: #800000;\"><strong> Urheberrecht:<\/strong><\/span><\/h4>\n<p>Alle Inhalte und Strukturen dieser Website sind urheberrechtlich gesch\u00fctzt. Die Ver\u00f6ffentlichung im World Wide Web oder in sonstigen Diensten des Internet bedeutet noch keine Einverst\u00e4ndniserkl\u00e4rung f\u00fcr eine anderweitige Nutzung durch Dritte. Die anderweitige Nutzung des hier bereitgestellten Informationsmaterials \u00fcber die Schule ist daher nicht zul\u00e4ssig. Auf den Webseiten zur Verf\u00fcgung gestellte Texte, Textteile, Grafiken, Tabellen sowie Ton-, Video- oder Bildmaterialien von Sch\u00fclerinnen und Sch\u00fcler oder Lehrkr\u00e4fte der Schule, d\u00fcrfen ohne vorherige Zustimmung der Grundschule Marienschule Breitscheid nicht vervielf\u00e4ltigt, nicht verbreitet und nicht ausgestellt werden.<\/p>\n<h4><strong><span style=\"color: #800000;\"> Datenschutz<\/span> <\/strong><\/h4>\n<p>Die Nutzung der im Rahmen des Impressums oder vergleichbarer Angaben ver\u00f6ffentlichten Kontaktdaten wie Postanschriften, Telefon- und Faxnummern sowie Emailadressen durch Dritte zur \u00dcbersendung von nicht ausdr\u00fccklich angeforderten Informationen oder Werbung ist nicht gestattet. Rechtliche Schritte gegen die Versender von sogenannten Spam-Mails bei Verst\u00f6\u00dfen gegen dieses Verbot sind ausdr\u00fccklich vorbehalten.<\/p>\n<h4><strong><span style=\"color: #800000;\"> Rechtswirksamkeit dieses Haftungsausschlusses<\/span> <\/strong><\/h4>\n<p>Dieser Haftungsausschluss ist als Teil des Internetangebotes zu betrachten, von dem aus auf diese Seite verwiesen wurde. Sofern Teile oder einzelne Formulierungen dieses Textes der geltenden Rechtslage nicht, nicht mehr oder nicht vollst\u00e4ndig entsprechen sollten, bleiben die \u00fcbrigen Teile des Dokumentes in ihrem Inhalt und ihrer G\u00fcltigkeit davon unber\u00fchrt.<\/p>\n<h4><span style=\"color: #800000;\"><strong>Fehlermeldungen:<\/strong><\/span><\/h4>\n<p>Die Grundschule Marienschule Breitscheid bittet die Nutzer von <span style=\"color: #800000;\"><em>www.breitscheid-grundschule.de<\/em><\/span>, auf rechtswidrige oder fehlerhafte Inhalte Dritter, zu denen in der Internetpr\u00e4senz ein Link unterhalten wird, ggf. aufmerksam zu machen. Ebenso wird um eine Nachricht unter der angegebenen Kontaktadresse gebeten, wenn eigene Inhalte nicht fehlerfrei, aktuell, vollst\u00e4ndig, verf\u00fcgbar oder verst\u00e4ndlich sind.<\/p>\n<h1><strong><span style=\"font-family: times new roman,times; font-size: 14px;\"><span style=\"font-family: times new roman,times; font-size: 14px;\">\u00a0<\/span><\/span><\/strong><\/h1>\n<p>&nbsp;<\/p>\n<p>&nbsp;<\/p>\n<p>&nbsp;<\/p>\n","protected":false},"excerpt":{"rendered":"<p>Verantwortlich f\u00fcr den Inhalt der Seiten im Sinne des Teledienstgesetzes (TDG): Schulleitung: \u00a0 \u00a0 \u00a0 \u00a0 \u00a0\u00a0 Annett Schramm __________________________________________________________________________ Schultr\u00e4ger: \u00a0 \u00a0 \u00a0 \u00a0 \u00a0 \u00a0\u00a0 Gemeinde Breitscheid vertreten durch:\u00a0\u00a0\u00a0\u00a0\u00a0 B\u00fcrgermeisterin Rita Viccari ___________________________________________________________________________ Kontakt: info@breitscheid-grundschule.de Telefon\u00a0 +49 2638 4966 Grundschule Marienschule Marienstr. 2 53547 Breitscheid ___________________________________ Redaktion: Sekret\u00e4rin:\u00a0 Simone Milz ____________________________________ Inhalt des &hellip; <a href=\"http:\/\/www.breitscheid-grundschule.de\/wp\/?page_id=13\" class=\"more-link\"><span class=\"screen-reader-text\">Impressum<\/span> weiterlesen<\/a><\/p>\n","protected":false},"author":1,"featured_media":0,"parent":0,"menu_order":5,"comment_status":"closed","ping_status":"closed","template":"","meta":{"footnotes":""},"class_list":["post-13","page","type-page","status-publish","hentry"],"_links":{"self":[{"href":"http:\/\/www.breitscheid-grundschule.de\/wp\/index.php?rest_route=\/wp\/v2\/pages\/13"}],"collection":[{"href":"http:\/\/www.breitscheid-grundschule.de\/wp\/index.php?rest_route=\/wp\/v2\/pages"}],"about":[{"href":"http:\/\/www.breitscheid-grundschule.de\/wp\/index.php?rest_route=\/wp\/v2\/types\/page"}],"author":[{"embeddable":true,"href":"http:\/\/www.breitscheid-grundschule.de\/wp\/index.php?rest_route=\/wp\/v2\/users\/1"}],"replies":[{"embeddable":true,"href":"http:\/\/www.breitscheid-grundschule.de\/wp\/index.php?rest_route=%2Fwp%2Fv2%2Fcomments&post=13"}],"version-history":[{"count":52,"href":"http:\/\/www.breitscheid-grundschule.de\/wp\/index.php?rest_route=\/wp\/v2\/pages\/13\/revisions"}],"predecessor-version":[{"id":6061,"href":"http:\/\/www.breitscheid-grundschule.de\/wp\/index.php?rest_route=\/wp\/v2\/pages\/13\/revisions\/6061"}],"wp:attachment":[{"href":"http:\/\/www.breitscheid-grundschule.de\/wp\/index.php?rest_route=%2Fwp%2Fv2%2Fmedia&parent=13"}],"curies":[{"name":"wp","href":"https:\/\/api.w.org\/{rel}","templated":true}]}}