{"id":20,"date":"2010-01-29T10:26:51","date_gmt":"2010-01-29T09:26:51","guid":{"rendered":"http:\/\/www.breitscheid-grundschule.de\/wp\/?page_id=20"},"modified":"2026-03-06T13:35:22","modified_gmt":"2026-03-06T12:35:22","slug":"schul-%e2%80%93-und-hausordnung","status":"publish","type":"page","link":"http:\/\/www.breitscheid-grundschule.de\/wp\/?page_id=20","title":{"rendered":"Schulordnung"},"content":{"rendered":"<p><strong><span style=\"font-size: 12px;\">An unserer Schule sollen sich alle, Kinder und Erwachsene, wohl f\u00fchlen und ungest\u00f6rt arbeiten und Neues lernen k\u00f6nnen.<\/span><\/strong><\/p>\n<p><strong><span style=\"font-size: 12px;\">Damit dies gelingt, beachten wir folgende Grundregeln. Sie gelten f\u00fcr alle, die sich an unserer Schule aufhalten:<\/span><\/strong><\/p>\n<p>&nbsp;<\/p>\n<p><span style=\"font-size: 12px;\"><strong>H\u00d6FLICHKEIT\u00a0\u00a0\u00a0\u00a0\u00a0\u00a0\u00a0\u00a0\u00a0\u00a0\u00a0\u00a0\u00a0\u00a0\u00a0\u00a0\u00a0\u00a0\u00a0\u00a0\u00a0\u00a0\u00a0\u00a0\u00a0\u00a0\u00a0\u00a0\u00a0\u00a0\u00a0\u00a0\u00a0\u00a0\u00a0\u00a0\u00a0\u00a0\u00a0\u00a0\u00a0\u00a0\u00a0\u00a0\u00a0\u00a0\u00a0\u00a0\u00a0\u00a0\u00a0\u00a0\u00a0\u00a0\u00a0\u00a0\u00a0\u00a0\u00a0\u00a0\u00a0\u00a0\u00a0\u00a0\u00a0\u00a0\u00a0\u00a0\u00a0\u00a0\u00a0\u00a0\u00a0\u00a0\u00a0\u00a0\u00a0\u00a0\u00a0\u00a0\u00a0\u00a0\u00a0\u00a0\u00a0\u00a0 <\/strong><\/span><br \/>\n<span style=\"font-size: 12px;\">Wir begegnen uns freundlich und gr\u00fc\u00dfen uns. <\/span><br \/>\n<span style=\"font-size: 12px;\">\u201eDanke\u201c, \u201eBitte\u201c und \u201eEntschuldigung\u201c sagen wir selbstverst\u00e4ndlich.<\/span><\/p>\n<p><span style=\"font-size: 12px;\"><strong>HILFSBEREITSCHAFT\u00a0\u00a0\u00a0\u00a0\u00a0\u00a0\u00a0\u00a0\u00a0\u00a0\u00a0\u00a0\u00a0\u00a0\u00a0\u00a0\u00a0\u00a0\u00a0\u00a0\u00a0\u00a0\u00a0\u00a0\u00a0\u00a0\u00a0\u00a0\u00a0\u00a0\u00a0\u00a0\u00a0\u00a0\u00a0\u00a0\u00a0\u00a0\u00a0\u00a0\u00a0\u00a0\u00a0\u00a0\u00a0\u00a0\u00a0\u00a0\u00a0\u00a0\u00a0\u00a0\u00a0\u00a0\u00a0\u00a0\u00a0\u00a0\u00a0\u00a0\u00a0\u00a0\u00a0\u00a0\u00a0\u00a0\u00a0\u00a0\u00a0\u00a0\u00a0\u00a0\u00a0\u00a0\u00a0\u00a0\u00a0\u00a0\u00a0\u00a0\u00a0\u00a0\u00a0\u00a0\u00a0\u00a0\u00a0\u00a0\u00a0\u00a0\u00a0\u00a0\u00a0\u00a0\u00a0\u00a0\u00a0\u00a0\u00a0\u00a0\u00a0\u00a0\u00a0\u00a0\u00a0\u00a0\u00a0\u00a0\u00a0\u00a0\u00a0\u00a0\u00a0\u00a0\u00a0\u00a0\u00a0\u00a0\u00a0\u00a0\u00a0\u00a0\u00a0\u00a0\u00a0\u00a0\u00a0\u00a0\u00a0\u00a0\u00a0\u00a0\u00a0\u00a0\u00a0\u00a0\u00a0\u00a0\u00a0\u00a0\u00a0\u00a0\u00a0\u00a0\u00a0\u00a0\u00a0\u00a0\u00a0\u00a0\u00a0\u00a0\u00a0\u00a0\u00a0\u00a0\u00a0\u00a0\u00a0\u00a0\u00a0\u00a0 <\/strong><\/span><span style=\"font-size: 12px;\">Wir helfen gerne, wenn jemand unsere Hilfe braucht.<br \/>\n<\/span><\/p>\n<p><span style=\"font-size: 12px;\"><strong>R\u00dcCKSICHT UND KEINE GEWALT<\/strong><\/span><br \/>\n<span style=\"font-size: 12px;\">Wir verhalten uns \u00fcberall r\u00fccksichtsvoll, um niemandem zu st\u00f6ren und keinem weh zu tun. Spa\u00df h\u00f6rt dort auf, wo ein anderer darunter leidet. Auch mit Schulm\u00f6beln und Schulsachen gehen wir sorgf\u00e4ltig um.<\/span><\/p>\n<p><span style=\"font-size: 12px;\"><strong>SAUBERKEIT UND ORDNUNG<\/strong><\/span><span style=\"font-size: 12px;\"><strong><a href=\"http:\/\/www.breitscheid-grundschule.de\/wp\/wp-content\/uploads\/2012\/11\/DSCI1293-Medium.jpg\"><br \/>\n<\/a><\/strong><\/span><span style=\"font-size: 12px;\">Gemeinsam halten wir unsere Schule, das Schulgeb\u00e4ude und den Schulweg sauber und werfen M\u00fcll in den Abfalleimer.<\/span><\/p>\n<p><span style=\"color: #ff0000;\"><strong>AUF DEM GESAMTEN SCHULGEL\u00c4NDE IST RAUCHVERBOT!!!!!!!!<\/strong><\/span><\/p>\n<p><span style=\"font-size: 12px;\"><strong>VERHALTEN IN DER KLASSE<\/strong><\/span><br \/>\n<span style=\"font-size: 12px;\">Damit alle ungest\u00f6rt lernen k\u00f6nnen, halten wir die Klassenregeln ein, die in jeder Klasse festgelegt worden sind.<\/span><\/p>\n<p><span style=\"font-size: 12px;\"><strong>VERHALTEN IM GEB\u00c4UDE<\/strong><\/span><br \/>\n<span style=\"font-size: 12px;\">Wir betreten das Schulhaus vorsichtig, ohne Dr\u00e4ngeln und Schubsen. Auf den Fluren rennen wir nicht. Jacken h\u00e4ngen <\/span><span style=\"font-size: 12px;\">wir an die Kleiderhaken und passen auf, dass nichts herunterf\u00e4llt. Um Krankheiten zu vermeiden, m\u00fcssen wir auf der Toilette sehr auf Sauberkeit achten. Wir halten uns nicht l\u00e4nger als n\u00f6tig auf der Toilette auf, waschen uns danach die H\u00e4nde. Wir verlassen die Klasse nach dem Unterricht ordentlich.<\/span><\/p>\n<p><span style=\"font-size: 12px;\"><strong>VERHALTEN AUF DEM SCHULHOF<\/strong><\/span><br \/>\n<span style=\"font-size: 12px;\">In den Pausen gehen alle Kinder auf den Schulhof. Aus R\u00fccksicht auf die anderen ist das Werfen von Schneeb\u00e4llen nicht erlaubt. Wir schonen die bepflanzten Bereiche. W\u00e4hrend der Unterrichtszeiten darf das Schulgel\u00e4nde nicht verlassen werden.<\/span><\/p>\n<p>&nbsp;<\/p>\n<p>&nbsp;<\/p>\n<p>&nbsp;<\/p>\n<p>&nbsp;<\/p>\n","protected":false},"excerpt":{"rendered":"<p>An unserer Schule sollen sich alle, Kinder und Erwachsene, wohl f\u00fchlen und ungest\u00f6rt arbeiten und Neues lernen k\u00f6nnen. Damit dies gelingt, beachten wir folgende Grundregeln. Sie gelten f\u00fcr alle, die sich an unserer Schule aufhalten: &nbsp; H\u00d6FLICHKEIT\u00a0\u00a0\u00a0\u00a0\u00a0\u00a0\u00a0\u00a0\u00a0\u00a0\u00a0\u00a0\u00a0\u00a0\u00a0\u00a0\u00a0\u00a0\u00a0\u00a0\u00a0\u00a0\u00a0\u00a0\u00a0\u00a0\u00a0\u00a0\u00a0\u00a0\u00a0\u00a0\u00a0\u00a0\u00a0\u00a0\u00a0\u00a0\u00a0\u00a0\u00a0\u00a0\u00a0\u00a0\u00a0\u00a0\u00a0\u00a0\u00a0\u00a0\u00a0\u00a0\u00a0\u00a0\u00a0\u00a0\u00a0\u00a0\u00a0\u00a0\u00a0\u00a0\u00a0\u00a0\u00a0\u00a0\u00a0\u00a0\u00a0\u00a0\u00a0\u00a0\u00a0\u00a0\u00a0\u00a0\u00a0\u00a0\u00a0\u00a0\u00a0\u00a0\u00a0\u00a0\u00a0\u00a0 Wir begegnen uns freundlich und gr\u00fc\u00dfen uns. \u201eDanke\u201c, \u201eBitte\u201c und \u201eEntschuldigung\u201c sagen wir selbstverst\u00e4ndlich. HILFSBEREITSCHAFT\u00a0\u00a0\u00a0\u00a0\u00a0\u00a0\u00a0\u00a0\u00a0\u00a0\u00a0\u00a0\u00a0\u00a0\u00a0\u00a0\u00a0\u00a0\u00a0\u00a0\u00a0\u00a0\u00a0\u00a0\u00a0\u00a0\u00a0\u00a0\u00a0\u00a0\u00a0\u00a0\u00a0\u00a0\u00a0\u00a0\u00a0\u00a0\u00a0\u00a0\u00a0\u00a0\u00a0\u00a0\u00a0\u00a0\u00a0\u00a0\u00a0\u00a0\u00a0\u00a0\u00a0\u00a0\u00a0\u00a0\u00a0\u00a0\u00a0\u00a0\u00a0\u00a0\u00a0\u00a0\u00a0\u00a0\u00a0\u00a0\u00a0\u00a0\u00a0\u00a0\u00a0\u00a0\u00a0\u00a0\u00a0\u00a0\u00a0\u00a0\u00a0\u00a0\u00a0\u00a0\u00a0\u00a0\u00a0\u00a0\u00a0\u00a0\u00a0\u00a0\u00a0\u00a0\u00a0\u00a0\u00a0\u00a0\u00a0\u00a0\u00a0\u00a0\u00a0\u00a0\u00a0\u00a0\u00a0\u00a0\u00a0\u00a0\u00a0\u00a0\u00a0\u00a0\u00a0\u00a0\u00a0\u00a0\u00a0\u00a0\u00a0\u00a0\u00a0\u00a0\u00a0\u00a0\u00a0\u00a0\u00a0\u00a0\u00a0\u00a0\u00a0\u00a0\u00a0\u00a0\u00a0\u00a0\u00a0\u00a0\u00a0\u00a0\u00a0\u00a0\u00a0\u00a0\u00a0\u00a0\u00a0\u00a0\u00a0\u00a0\u00a0\u00a0\u00a0\u00a0\u00a0\u00a0\u00a0\u00a0\u00a0\u00a0 Wir helfen gerne, &hellip; <a href=\"http:\/\/www.breitscheid-grundschule.de\/wp\/?page_id=20\" class=\"more-link\"><span class=\"screen-reader-text\">Schulordnung<\/span> weiterlesen<\/a><\/p>\n","protected":false},"author":1,"featured_media":573,"parent":0,"menu_order":1,"comment_status":"closed","ping_status":"closed","template":"","meta":{"footnotes":""},"class_list":["post-20","page","type-page","status-publish","has-post-thumbnail","hentry"],"_links":{"self":[{"href":"http:\/\/www.breitscheid-grundschule.de\/wp\/index.php?rest_route=\/wp\/v2\/pages\/20"}],"collection":[{"href":"http:\/\/www.breitscheid-grundschule.de\/wp\/index.php?rest_route=\/wp\/v2\/pages"}],"about":[{"href":"http:\/\/www.breitscheid-grundschule.de\/wp\/index.php?rest_route=\/wp\/v2\/types\/page"}],"author":[{"embeddable":true,"href":"http:\/\/www.breitscheid-grundschule.de\/wp\/index.php?rest_route=\/wp\/v2\/users\/1"}],"replies":[{"embeddable":true,"href":"http:\/\/www.breitscheid-grundschule.de\/wp\/index.php?rest_route=%2Fwp%2Fv2%2Fcomments&post=20"}],"version-history":[{"count":31,"href":"http:\/\/www.breitscheid-grundschule.de\/wp\/index.php?rest_route=\/wp\/v2\/pages\/20\/revisions"}],"predecessor-version":[{"id":6444,"href":"http:\/\/www.breitscheid-grundschule.de\/wp\/index.php?rest_route=\/wp\/v2\/pages\/20\/revisions\/6444"}],"wp:featuredmedia":[{"embeddable":true,"href":"http:\/\/www.breitscheid-grundschule.de\/wp\/index.php?rest_route=\/wp\/v2\/media\/573"}],"wp:attachment":[{"href":"http:\/\/www.breitscheid-grundschule.de\/wp\/index.php?rest_route=%2Fwp%2Fv2%2Fmedia&parent=20"}],"curies":[{"name":"wp","href":"https:\/\/api.w.org\/{rel}","templated":true}]}}