{"id":4237,"date":"2018-06-22T10:01:16","date_gmt":"2018-06-22T09:01:16","guid":{"rendered":"http:\/\/www.breitscheid-grundschule.de\/wp\/?page_id=4237"},"modified":"2024-09-19T09:14:30","modified_gmt":"2024-09-19T08:14:30","slug":"datenschutzerklaerung","status":"publish","type":"page","link":"http:\/\/www.breitscheid-grundschule.de\/wp\/?page_id=4237","title":{"rendered":"Datenschutzerkl\u00e4rung"},"content":{"rendered":"<p>Datenschutz hat einen besonders hohen Stellenwert f\u00fcr die Schulleitung der Grundschule Breitscheid.<\/p>\n<p>Die Nutzung unserer Webseite ist in der Regel ohne Angabe personenbezogener Daten m\u00f6glich. Soweit auf unseren Seiten personenbezogene Daten (beispielsweise Name, Anschrift oder E-Mail-Adressen) erhoben werden, erfolgt dies, soweit m\u00f6glich, stets auf freiwilliger Basis (beispielsweise \u00fcber eine Einverst\u00e4ndniserkl\u00e4rung). Diese Daten werden ohne Ihre ausdr\u00fcckliche Zustimmung nicht an Dritte weitergegeben.<\/p>\n<p>Wir weisen darauf hin, dass die Daten\u00fcbertragung im Internet (z. B. bei der Kommunikation per E-Mail) Sicherheitsl\u00fccken aufweisen kann. Ein l\u00fcckenloser Schutz der Daten vor dem Zugriff durch Dritte ist nicht m\u00f6glich.<\/p>\n<div>\n<p><strong>1. Wer ist f\u00fcr die Datenverarbeitung verantwortlich?<\/strong><br \/>\nGrundschule Marienschule Breitscheid, Marienstr. 4, 53547 Breitscheid<br \/>\ninfo@breitscheid-grundschule.de, Telefon 02638-4966<br \/>\nBei Fragen, Beschwerden oder Anregungen steht Ihnen Frau Franzke zur Verf\u00fcgung.<\/p>\n<p><strong>2. Zu welchem Zweck werden Ihre Daten und die Ihres Kindes verarbeitet?<br \/>\n<\/strong>Die Daten werden zur Erf\u00fcllung unseres Bildungs- und Erziehungsauftrages nach \u00a767 Schulgesetz und den dazugeh\u00f6rigen Schulordnungen verarbeitet.<br \/>\nIm Rahmen unserer \u00d6ffentlichkeitsarbeit ver\u00f6ffentlichen wir zur Veranschaulichung unserer schulischen Arbeit auf unserer Homepage mit Einwilligung der Eltern Fotos, Videos und Texte (Ihre bereits gegebene Zustimmung bzw. Ablehnung muss nicht erneuert werden).<br \/>\nBei der Nutzung schulischer Informationstechnik (z. B. Notebooks im EDV-Raum) werden die Aktivit\u00e4ten der Sch\u00fclerinnen und Sch\u00fcler protokolliert. Hier werden u. a. im Browser besuchte Webseiten im Verlauf gespeichert.<\/p>\n<p><strong> An welche Stellen k\u00f6nnen Daten \u00fcbermittelt werden?<\/strong><\/p>\n<p>Wir geben keinerlei Sch\u00fclerdaten an private Stellen f\u00fcr Werbezwecke weiter.<\/p>\n<p><strong>4. Wie lange werden Daten gespeichert?<\/strong><\/p>\n<p>&#8212;-<\/p>\n<p><strong>5. Welche Datenschutzrechte haben Sie bzw. Ihr Kind?<\/strong><br \/>\nNach den Bestimmungen der Datenschutz-Grundverordnung stehen Ihnen bestimmte Datenschutzrechte zu, z. B. das Recht auf Berichtigung und L\u00f6schung von Daten, das Recht auf Einschr\u00e4nkung der Datenverarbeitung sowie das Widerspruchsrecht gegen die Verarbeitung.<br \/>\nAu\u00dferdem steht Ihnen ein Auskunftsrecht im Hinblick auf die bei uns gespeicherten Informationen \u00fcber Sie und Ihr Kind zu. Auf Verlangen stellen wir Ihnen eine Kopie der personenbezogenen Daten zu. Au\u00dferdem k\u00f6nnen Sie sich bei Beschwerden aus dem Bereich des Datenschutzes an die Schule bzw. den dortigen schulischen Datenschutzbeauftragten sowie an den Landesbeauftragten f\u00fcr den Datenschutz und die Informationsfreiheit Rheinland-Pfalz wenden.<\/p>\n<p>Die folgenden Hinweise geben einen einfachen \u00dcberblick dar\u00fcber, was mit Ihren personenbezogenen Daten passiert, wenn Sie www.breitscheid-grundschule.de besuchen. Personenbezogene Daten sind alle Daten, mit denen Sie pers\u00f6nlich identifiziert werden k\u00f6nnen. Ausf\u00fchrliche Informationen zum Thema Datenschutz entnehmen Sie unserer unter diesem Text aufgef\u00fchrten Datenschutzerkl\u00e4rung.<\/p>\n<h3><strong>Datenerfassung<\/strong><\/h3>\n<p><strong>Wer ist verantwortlich f\u00fcr die Datenerfassung?<\/strong><\/p>\n<p>Die Datenverarbeitung auf dieser Website erfolgt durch den Websitebetreiber.<br \/>\nDessen Kontaktdaten k\u00f6nnen Sie dem <a href=\"http:\/\/www.breitscheid-grundschule.de\/wp\/?page_id=13\">Impressum<\/a> entnehmen.<\/p>\n<p><strong>Wie erfassen wir Ihre Daten?<\/strong><\/p>\n<p>Ihre Daten werden zum einen dadurch erhoben, dass Sie uns diese mitteilen. Hierbei kann es sich z.B. um Daten handeln, die Sie in ein Kontaktformular eingeben oder Daten die bei der Anmeldung Ihres Kindes an unserer Schule vom Sch\u00fclerbogen in unser Schulverwaltungsprogramm eingegeben werden. Andere Daten werden automatisch beim Besuch der Website durch unsere IT-Systeme erfasst. Das sind vor allem technische Daten (z.B. Internetbrowser, Betriebssystem oder Uhrzeit des Seitenaufrufs). Die Erfassung dieser Daten erfolgt automatisch, sobald Sie unsere Website betreten.<\/p>\n<p><strong>Wof\u00fcr nutzen wir Ihre Daten?<\/strong><\/p>\n<p>Die Daten werden nur erhoben, um eine fehlerfreie Bereitstellung der Website zu gew\u00e4hrleisten. <strong>Ihr Nutzerverhalten analysieren wir nicht!<\/strong><\/p>\n<p><strong>Wo stehen unsere Server?<\/strong><\/p>\n<p>Wir verwenden die Server eines externen Providers.<\/p>\n<p><strong>Welche Rechte haben Sie bez\u00fcglich Ihrer Daten?<\/strong><\/p>\n<p>Sie haben jederzeit das Recht unentgeltlich Auskunft \u00fcber Herkunft, Empf\u00e4nger und Zweck Ihrer gespeicherten personenbezogenen Daten zu erhalten. Sie haben au\u00dferdem ein Recht, die Berichtigung, Sperrung oder L\u00f6schung dieser Daten zu verlangen. Hierzu sowie zu weiteren Fragen zum Thema Datenschutz k\u00f6nnen Sie sich jederzeit unter der im Impressum angegebenen Adresse an uns wenden. Des Weiteren steht Ihnen ein Beschwerderecht bei der zust\u00e4ndigen Aufsichtsbeh\u00f6rde zu. Au\u00dferdem haben Sie das Recht, unter bestimmten Umst\u00e4nden die Einschr\u00e4nkung der Verarbeitung Ihrer personenbezogenen Daten zu verlangen. Details hierzu entnehmen Sie der Datenschutzerkl\u00e4rung unter \u201eRecht auf Einschr\u00e4nkung der Verarbeitung\u201c.<\/p>\n<h3><strong>Allgemeine Hinweise &amp; Pflichtinformationen<\/strong><\/h3>\n<p><strong>Datenschutz<\/strong><\/p>\n<p>Die Betreiber dieser Seiten nehmen den Schutz Ihrer pers\u00f6nlichen Daten sehr ernst. Wir behandeln Ihre personenbezogenen Daten vertraulich und entsprechend der gesetzlichen Datenschutzvorschriften sowie dieser Datenschutzerkl\u00e4rung. Wenn Sie diese Website benutzen, werden verschiedene personenbezogene Daten erhoben. Personenbezogene Daten sind Daten, mit denen Sie pers\u00f6nlich identifiziert werden k\u00f6nnen. Die vorliegende Datenschutzerkl\u00e4rung erl\u00e4utert, welche Daten wir erheben und wof\u00fcr wir sie nutzen. Sie erl\u00e4utert auch, wie und zu welchem Zweck das geschieht. Wir weisen darauf hin, dass die Daten\u00fcbertragung im Internet (z.B. bei der Kommunikation per E-Mail) Sicherheitsl\u00fccken aufweisen kann. Ein l\u00fcckenloser Schutz der Daten vor dem Zugriff durch Dritte ist nicht m\u00f6glich.<\/p>\n<p><strong>Hinweis zur verantwortlichen Stelle<\/strong><\/p>\n<p>Die verantwortliche Stelle f\u00fcr die Datenverarbeitung auf dieser Website entspricht der im <a href=\"http:\/\/www.breitscheid-grundschule.de\/wp\/?page_id=13\">Impressum<\/a>.<\/p>\n<p><strong>Widerruf Ihrer Einwilligung zur Datenverarbeitung<\/strong><\/p>\n<p>Viele Datenverarbeitungsvorg\u00e4nge sind nur mit Ihrer ausdr\u00fccklichen Einwilligung m\u00f6glich. Sie k\u00f6nnen eine bereits erteilte Einwilligung jederzeit widerrufen. Dazu reicht eine formlose Mitteilung per E-Mail an uns. Die Rechtm\u00e4\u00dfigkeit der bis zum Widerruf erfolgten Datenverarbeitung bleibt vom Widerruf unber\u00fchrt.<\/p>\n<p><strong>Widerspruchsrecht gegen die Datenerhebung in besonderen F\u00e4llen\u00a0<\/strong><\/p>\n<p>Wenn die Datenverarbeitung auf Grundlage von Art. 6 Abs. 1 lit. e oder f DSGVO erfolgt, haben Sie jederzeit das Recht, aus Gr\u00fcnden, die sich aus Ihrer besonderen Situation ergeben, gegen die Verarbeitung Ihrer personenbezogenen Daten Widerspruch einzulegen; dies gilt auch f\u00fcr ein auf diese Bestimmungen gest\u00fctztes Profiling. Die jeweilige Rechtsgrundlage, auf denen eine Verarbeitung beruht, entnehmen Sie dieser Datenschutzerkl\u00e4rung. Wenn Sie Widerspruch einlegen, werden wir Ihre betroffenen personenbezogenen Daten nicht mehr verarbeiten, es sei denn, wir k\u00f6nnen zwingende schutzw\u00fcrdige Gr\u00fcnde f\u00fcr die Verarbeitung nachweisen, die Ihre Interessen, Rechte und Freiheiten \u00fcberwiegen oder die Verarbeitung dient der Geltendmachung, Aus\u00fcbung oder Verteidigung von Rechtsanspr\u00fcchen (Widerspruch nach Art. 21 Abs. 1 DSGVO).<\/p>\n<p><strong>Beschwerderecht bei der zust\u00e4ndigen Aufsichtsbeh\u00f6rde<\/strong><\/p>\n<p>Im Falle von Verst\u00f6\u00dfen gegen die DSGVO steht den Betroffenen ein Beschwerderecht bei einer Aufsichtsbeh\u00f6rde, insbesondere in dem Mitgliedstaat ihres gew\u00f6hnlichen Aufenthalts, ihres Arbeitsplatzes oder des Orts des mutma\u00dflichen Versto\u00dfes zu. Das Beschwerderecht besteht unbeschadet anderweitiger verwaltungsrechtlicher oder gerichtlicher Rechtsbehelfe.<\/p>\n<p><strong>Recht auf Daten\u00fcbertragbarkeit<\/strong><\/p>\n<p>Sie haben das Recht, Daten, die wir auf Grundlage Ihrer Einwilligung oder in Erf\u00fcllung eines Vertrags automatisiert verarbeiten, an sich oder an einen Dritten in einem g\u00e4ngigen, maschinenlesbaren Format aush\u00e4ndigen zu lassen. Sofern Sie die direkte \u00dcbertragung der Daten an einen anderen Verantwortlichen verlangen, erfolgt dies nur, soweit es technisch machbar ist.<\/p>\n<p><strong>SSL- bzw. TLS-Verschl\u00fcsselung<\/strong><\/p>\n<p>Diese Seite nutzt im Moment keine SSL-Verschl\u00fcsselung<\/p>\n<p><strong>Auskunft, Sperrung, L\u00f6schung und Berichtigung<\/strong><\/p>\n<p>Sie haben im Rahmen der geltenden gesetzlichen Bestimmungen jederzeit das Recht auf unentgeltliche Auskunft \u00fcber Ihre gespeicherten personenbezogenen Daten, deren Herkunft und Empf\u00e4nger und den Zweck der Datenverarbeitung und ggf. ein Recht auf Berichtigung, Sperrung oder L\u00f6schung dieser Daten. Hierzu sowie zu weiteren Fragen zum Thema personenbezogene Daten k\u00f6nnen Sie sich jederzeit unter der im Impressum angegebenen Adresse an uns wenden.<\/p>\n<p><strong>Recht auf Einschr\u00e4nkung der Verarbeitung<\/strong><\/p>\n<p>Sie haben das Recht, die Einschr\u00e4nkung der Verarbeitung Ihrer personenbezogenen Daten zu verlangen. Hierzu k\u00f6nnen Sie sich jederzeit unter der im Impressum angegebenen Adresse an uns wenden. Das Recht auf Einschr\u00e4nkung der Verarbeitung besteht in folgenden F\u00e4llen:<\/p>\n<ul>\n<li>Wenn Sie die Richtigkeit Ihrer bei uns gespeicherten personenbezogenen Daten bestreiten, ben\u00f6tigen wir in der Regel Zeit, um dies zu \u00fcberpr\u00fcfen. F\u00fcr die Dauer der Pr\u00fcfung haben Sie das Recht, die Einschr\u00e4nkung der Verarbeitung Ihrer personenbezogenen Daten zu verlangen.<\/li>\n<li>Wenn die Verarbeitung Ihrer personenbezogenen Daten unrechtm\u00e4\u00dfig geschah \/ geschieht, k\u00f6nnen Sie statt der L\u00f6schung die Einschr\u00e4nkung der Datenverarbeitung verlangen.<\/li>\n<li>Wenn wir Ihre personenbezogenen Daten nicht mehr ben\u00f6tigen, Sie sie jedoch zur Aus\u00fcbung, Verteidigung oder Geltendmachung von Rechtsanspr\u00fcchen ben\u00f6tigen, haben Sie das Recht, statt der L\u00f6schung die Einschr\u00e4nkung der Verarbeitung Ihrer personenbezogenen Daten zu verlangen.<\/li>\n<li>Wenn Sie einen Widerspruch nach Art. 21 Abs. 1 DSGVO eingelegt haben, muss eine Abw\u00e4gung zwischen Ihren und unseren Interessen vorgenommen werden. Solange noch nicht feststeht, wessen Interessen \u00fcberwiegen, haben Sie das Recht, die Einschr\u00e4nkung der Verarbeitung Ihrer personenbezogenen Daten zu verlangen.<\/li>\n<\/ul>\n<p>Wenn Sie die Verarbeitung Ihrer personenbezogenen Daten eingeschr\u00e4nkt haben, d\u00fcrfen diese Daten \u2013 von ihrer Speicherung abgesehen \u2013 nur mit Ihrer Einwilligung oder zur Geltendmachung, Aus\u00fcbung oder Verteidigung von Rechtsanspr\u00fcchen oder zum Schutz der Rechte einer anderen nat\u00fcrlichen oder juristischen Person oder aus Gr\u00fcnden eines wichtigen \u00f6ffentlichen Interesses der Europ\u00e4ischen Union oder eines Mitgliedstaats verarbeitet werden.<\/p>\n<p><strong>Datenerfassung auf unserer Website<\/strong><\/p>\n<p><strong>Cookies<\/strong><\/p>\n<p>Die Internetseiten verwenden teilweise so genannte Cookies. Cookies richten auf Ihrem Rechner keinen Schaden an und enthalten keine Viren. Cookies dienen dazu, unser Angebot nutzerfreundlicher, effektiver und sicherer zu machen. Cookies sind kleine Textdateien, die auf Ihrem Rechner abgelegt werden und die Ihr Browser speichert. Die meisten der von uns verwendeten Cookies sind so genannte \u201cSession-Cookies\u201d. Sie werden nach Ende Ihres Besuchs automatisch gel\u00f6scht. Andere Cookies bleiben auf Ihrem Endger\u00e4t gespeichert bis Sie diese l\u00f6schen. Diese Cookies erm\u00f6glichen es uns, Ihren Browser beim n\u00e4chsten Besuch wiederzuerkennen. Sie k\u00f6nnen Ihren Browser so einstellen, dass Sie \u00fcber das Setzen von Cookies informiert werden und Cookies nur im Einzelfall erlauben, die Annahme von Cookies f\u00fcr bestimmte F\u00e4lle oder generell ausschlie\u00dfen sowie das automatische L\u00f6schen der Cookies beim Schlie\u00dfen des Browser aktivieren. Bei der Deaktivierung von Cookies kann die Funktionalit\u00e4t dieser Website eingeschr\u00e4nkt sein. Cookies, die zur Durchf\u00fchrung des elektronischen Kommunikationsvorgangs \u00fcbermittelt werden, werden auf Grundlage von Art. 6 Abs. 1 lit. f DSGVO gespeichert. Der Websitebetreiber hat ein berechtigtes Interesse an der Speicherung von Cookies zur technisch fehlerfreien und optimierten Bereitstellung seiner Dienste. Soweit andere Cookies (z.B. Cookies zur Analyse Ihres Surfverhaltens) gespeichert werden, werden diese in dieser Datenschutzerkl\u00e4rung gesondert behandelt.<\/p>\n<p><strong>Server-Log-Dateien<\/strong><\/p>\n<p>Der Provider der Seiten erhebt und speichert automatisch Informationen in so genannten Server-Log-Dateien, die Ihr Browser automatisch an uns \u00fcbermittelt. Dies sind:<\/p>\n<ul>\n<li>Browsertyp und Browserversion<\/li>\n<li>verwendetes Betriebssystem<\/li>\n<li>Referrer URL<\/li>\n<li>Hostname des zugreifenden Rechners<\/li>\n<li>Uhrzeit der Serveranfrage<\/li>\n<li>IP-Adresse<\/li>\n<\/ul>\n<p>Eine Zusammenf\u00fchrung dieser Daten mit anderen Datenquellen wird nicht vorgenommen. Die Erfassung dieser Daten erfolgt auf Grundlage von Art. 6 Abs. 1 lit. f DSGVO. Der Websitebetreiber hat ein berechtigtes Interesse an der technisch fehlerfreien Darstellung und der Optimierung seiner Website \u2013 hierzu m\u00fcssen die Server-Log-Files erfasst werden.<\/p>\n<p><strong>Kontaktformular<\/strong><\/p>\n<p>Wenn Sie uns per Kontaktformular Anfragen zukommen lassen, werden Ihre Angaben aus dem Anfrageformular inklusive der von Ihnen dort angegebenen Kontaktdaten zwecks Bearbeitung der Anfrage und f\u00fcr den Fall von Anschlussfragen bei uns gespeichert. Diese Daten geben wir nicht ohne Ihre Einwilligung weiter. Die Verarbeitung der in das Kontaktformular eingegebenen Daten erfolgt somit ausschlie\u00dflich auf Grundlage Ihrer Einwilligung (Art. 6 Abs. 1 lit. a DSGVO). Sie k\u00f6nnen diese Einwilligung jederzeit widerrufen. Dazu reicht eine formlose Mitteilung per E-Mail an uns. Die Rechtm\u00e4\u00dfigkeit der bis zum Widerruf erfolgten Datenverarbeitungsvorg\u00e4nge bleibt vom Widerruf unber\u00fchrt. Die von Ihnen im Kontaktformular eingegebenen Daten verbleiben bei uns, bis Sie uns zur L\u00f6schung auffordern, Ihre Einwilligung zur Speicherung widerrufen oder der Zweck f\u00fcr die Datenspeicherung entf\u00e4llt (z.B. nach abgeschlossener Bearbeitung Ihrer Anfrage). Zwingende gesetzliche Bestimmungen \u2013 insbesondere Aufbewahrungsfristen \u2013 bleiben unber\u00fchrt.<\/p>\n<h3><strong>Zusatz vom 29.01.2019:<\/strong><\/h3>\n<p>die DSGVO bringt auch in der Schule weitere Ver\u00e4nderungen mit sich, \u00fcber die wir Sie\u00a0 informieren m\u00f6chten:<\/p>\n<ul>\n<li style=\"list-style-type: none;\">\n<ul>\n<li>Die LehrerInnen wurden angewiesen, ihre pers\u00f6nlichen Handynummern <strong>nicht <\/strong>an Eltern weiterzugeben.<\/li>\n<li>Desweiteren d\u00fcrfen Lehrer und Eltern nicht mehr per Whats app oder privater E-Mailadresse kommunizieren. Lehrern ist die dienstliche Nutzung des eigenen Smartphones untersagt.<\/li>\n<li>Bei Fragen, Problemen oder Terminvereinbarungen wenden Sie sich bitte telefonisch, schriftlich\u00a0 oder per Mail an die Schule.<\/li>\n<li>Die Weitergabe von Fotos an die Schule (bei schulischen Veranstaltungen) darf <strong>nicht<\/strong> mehr per Whats app oder E-Mail erfolgen. Fotos k\u00f6nnen gern auf einem Stick gespeichert und an die Schule\/Lehrer weitergeleitet werden.<\/li>\n<li>Allgemeine Hinweise, Einladungen und Infobl\u00e4tter d\u00fcrfen weiterhin per Mail von der Schule an die Eltern versandt werden.<\/li>\n<li>Unsere Schule benutzt folgende datenschutzrelevante Programme im Unterricht bzw. zur Erhebung statistischer Daten:<\/li>\n<\/ul>\n<\/li>\n<\/ul>\n<ul>\n<li style=\"list-style-type: none;\">\n<ul>\n<li style=\"list-style-type: none;\">\n<ol>\n<li>a) Antolin-Leseprogramm (es werden nur Name und Vorname verwertet.)<\/li>\n<li>b) Lernwerkstatt (es werden nur Name und Vorname verwertet.)<\/li>\n<li>c) edoo sys (Schulverwaltungsprogramm)<\/li>\n<\/ol>\n<\/li>\n<\/ul>\n<\/li>\n<\/ul>\n<ul>\n<li style=\"list-style-type: none;\">\n<ul>\n<li style=\"list-style-type: none;\"><\/li>\n<\/ul>\n<\/li>\n<\/ul>\n<p>Der Datenschutz dieser Programme ist von unserer Seite sichergestellt.<\/p>\n<\/div>\n<p>&nbsp;<\/p>\n<div>\n<p><strong>Stand: 05.02.2019<\/strong><\/p>\n<\/div>\n<p>&nbsp;<\/p>\n<div>\n<p>&nbsp;<\/p>\n<\/div>\n","protected":false},"excerpt":{"rendered":"<p>Datenschutz hat einen besonders hohen Stellenwert f\u00fcr die Schulleitung der Grundschule Breitscheid. Die Nutzung unserer Webseite ist in der Regel ohne Angabe personenbezogener Daten m\u00f6glich. Soweit auf unseren Seiten personenbezogene Daten (beispielsweise Name, Anschrift oder E-Mail-Adressen) erhoben werden, erfolgt dies, soweit m\u00f6glich, stets auf freiwilliger Basis (beispielsweise \u00fcber eine Einverst\u00e4ndniserkl\u00e4rung). Diese Daten werden ohne Ihre &hellip; <a href=\"http:\/\/www.breitscheid-grundschule.de\/wp\/?page_id=4237\" class=\"more-link\"><span class=\"screen-reader-text\">Datenschutzerkl\u00e4rung<\/span> weiterlesen<\/a><\/p>\n","protected":false},"author":1,"featured_media":0,"parent":0,"menu_order":0,"comment_status":"closed","ping_status":"closed","template":"","meta":{"footnotes":""},"class_list":["post-4237","page","type-page","status-publish","hentry"],"_links":{"self":[{"href":"http:\/\/www.breitscheid-grundschule.de\/wp\/index.php?rest_route=\/wp\/v2\/pages\/4237"}],"collection":[{"href":"http:\/\/www.breitscheid-grundschule.de\/wp\/index.php?rest_route=\/wp\/v2\/pages"}],"about":[{"href":"http:\/\/www.breitscheid-grundschule.de\/wp\/index.php?rest_route=\/wp\/v2\/types\/page"}],"author":[{"embeddable":true,"href":"http:\/\/www.breitscheid-grundschule.de\/wp\/index.php?rest_route=\/wp\/v2\/users\/1"}],"replies":[{"embeddable":true,"href":"http:\/\/www.breitscheid-grundschule.de\/wp\/index.php?rest_route=%2Fwp%2Fv2%2Fcomments&post=4237"}],"version-history":[{"count":10,"href":"http:\/\/www.breitscheid-grundschule.de\/wp\/index.php?rest_route=\/wp\/v2\/pages\/4237\/revisions"}],"predecessor-version":[{"id":6062,"href":"http:\/\/www.breitscheid-grundschule.de\/wp\/index.php?rest_route=\/wp\/v2\/pages\/4237\/revisions\/6062"}],"wp:attachment":[{"href":"http:\/\/www.breitscheid-grundschule.de\/wp\/index.php?rest_route=%2Fwp%2Fv2%2Fmedia&parent=4237"}],"curies":[{"name":"wp","href":"https:\/\/api.w.org\/{rel}","templated":true}]}}