{"id":4527,"date":"2019-06-04T08:15:18","date_gmt":"2019-06-04T07:15:18","guid":{"rendered":"http:\/\/www.breitscheid-grundschule.de\/wp\/?page_id=4527"},"modified":"2025-06-11T10:24:35","modified_gmt":"2025-06-11T09:24:35","slug":"schulbuchausleihe","status":"publish","type":"page","link":"http:\/\/www.breitscheid-grundschule.de\/wp\/?page_id=4527","title":{"rendered":"Schulb\u00fccher"},"content":{"rendered":"\n<p><strong><u><mark style=\"background-color:rgba(0, 0, 0, 0)\" class=\"has-inline-color has-medium-pink-color\">Schulbuchlisten Schuljahr 25\/26:<\/mark><\/u><\/strong><\/p>\n\n\n\n<p><strong>Klasse 1:&nbsp;&nbsp;&nbsp; &nbsp; <a href=\"http:\/\/www.breitscheid-grundschule.de\/wp\/wp-content\/uploads\/2025\/06\/Schulbuchliste-Klasse-1_2025_26-1.pdf\">Schulbuchliste Klasse 1 2025_2<\/a>6<\/strong><\/p>\n\n\n\n<p><strong>Klasse 2:&nbsp;&nbsp;&nbsp; &nbsp;<a href=\"http:\/\/www.breitscheid-grundschule.de\/wp\/wp-content\/uploads\/2025\/06\/Schulbuchliste-Klasse-2_2025_26.pdf\"> Schulbuchliste Klasse 2 2025_26<\/a><\/strong><\/p>\n\n\n\n<p><strong>Klasse 3:&nbsp;&nbsp;&nbsp;&nbsp;&nbsp; <a href=\"http:\/\/www.breitscheid-grundschule.de\/wp\/wp-content\/uploads\/2025\/06\/Schulbuchliste-Klasse-3_2025_26-1.pdf\">Schulbuchliste Klasse 3 2025_26<\/a><\/strong><\/p>\n\n\n\n<p><strong>Klasse 4:&nbsp;&nbsp;&nbsp;&nbsp;&nbsp; <\/strong><a href=\"http:\/\/www.breitscheid-grundschule.de\/wp\/wp-content\/uploads\/2025\/06\/Schulbuchliste-Klasse-4_2025_26.pdf\"><strong>Schulbuchliste Klasse 4 2025_2<\/strong>6<\/a><\/p>\n\n\n<p>==================================================<\/p>\n<p>Liebe Eltern,<\/p>\n<p>&nbsp;<\/p>\n<p>die Grundschulen h\u00e4ndigen bis zum 15.05.2025 eine Elterninformation mit dem Freischaltcode aus.<\/p>\n<p>In der Zeit <strong>von <\/strong><strong>Freitag, den 16.05.2025 bis Donnerstag, den 12.06.2025<\/strong> haben alle Eltern die M\u00f6glichkeit Ihre Kinder f\u00fcr die Teilnahme an der <strong>entgeltlichen<\/strong> <strong>Schulbuchausleihe<\/strong> verbindlich anzumelden. Hierzu verweisen wir auf das Informationsblatt zur Schulbuchausleihe gegen Geb\u00fchr.<\/p>\n<p>&nbsp;<\/p>\n<p>Die Antragsfrist f\u00fcr die unentgeltliche Schulbuchausleihe <u>endete<\/u> am <u>17.03.2025<\/u>.<\/p>\n<p>Diejenigen, die die Antragsfrist f\u00fcr die unentgeltliche Schulbuchausleihe vers\u00e4umt oder einen ablehnenden Bescheid bekommen, k\u00f6nnen sich <strong>verbindlich<\/strong> f\u00fcr die <strong>entgeltliche<\/strong> Schulbuchausleihe anmelden.<\/p>\n<p>&nbsp;<\/p>\n<p>Eltern, die Hilfe und Unterst\u00fctzung bei der Lernmittelbestellung im Elternportal ben\u00f6tigen, k\u00f6nnen sich an die Servicestelle des Schultr\u00e4gers der Verbandsgemeinde Rengsdorf-Waldbreitbach wenden.<\/p>\n<p>&nbsp;<\/p>\n<p><strong>Servicestelle des Schultr\u00e4gers<\/strong> ist die Verbandsgemeindeverwaltung Rengsdorf-Waldbreitbach.<\/p>\n<p>Ansprechpartnerinnen:<\/p>\n<p>Frau Helene Zimmer, Telefon 02634\/61-116, <a href=\"mailto:helene.zimmer@vg-rw.de\">helene.zimmer@vg-rw.de<\/a> , Zimmer 6<\/p>\n<p>Frau Adine Klippenstein, Telefon 02634\/61-132, <a href=\"mailto:adine.klippenstein@vg-rw.de\">adine.klippenstein@vg-rw.de<\/a>, Zimmer 6<\/p>\n<p>Westerwaldstra\u00dfe 32-34 (Eingang Rathaus), Telefon Zentrale 02634\/61-0<\/p>\n<p>56579 Rengsdorf<\/p>\n<p>&nbsp;<\/p>\n<p><u>\u00d6ffnungszeiten:<\/u><\/p>\n<p>Montag und Dienstag<\/p>\n<p>07:30 bis 12:00 Uhr und 13:00 bis 16:00 Uhr<\/p>\n<p>Donnerstag<\/p>\n<p>07:30 bis 12:00 Uhr und 13:00 bis 18:00 Uhr<\/p>\n<p>Mittwoch und Freitag<\/p>\n<p>07:30 bis 12:00 Uhr<\/p>\n<p>&nbsp;<\/p>\n<p><span style=\"color: #ff0000;\"><strong><u>R\u00fccknahme der Schulb\u00fccher Schuljahr 2024\/2025<\/u><\/strong><\/span><\/p>\n<p>Die R\u00fccknahme der f\u00fcr das Schuljahr 2024\/2025 ausgeliehenen Schulb\u00fccher (entgeltlich\/unentgeltlich) erfolgt am:<\/p>\n<p>&nbsp;<\/p>\n<p><strong>F\u00fcr die Grundschulen Breitscheid, Niederbreitbach, Waldbreitbach<\/strong><\/p>\n<p>Dienstag, 01.07.2025, 08:00 bis 17:00 Uhr,<\/p>\n<p>In der Mensa der Grundschule Waldbreitbach, In der Au 38, 56588 Waldbreitbach<\/p>\n<p><strong>\u00a0<\/strong><\/p>\n<p><strong>\u00a0<\/strong><\/p>\n<table>\n<tbody>\n<tr>\n<td width=\"604\">\n<p><span style=\"color: #ff0000;\"><strong>Bitte merken Sie sich den Termin!<\/strong><\/span><\/p>\n<p><span style=\"color: #ff0000;\"><strong>Nicht zur\u00fcckgegebene B\u00fccher <\/strong><\/span><span style=\"color: #ff0000;\"><strong>werden in Schadensersatz gestellt!<\/strong><\/span><\/p>\n<\/td>\n<\/tr>\n<\/tbody>\n<\/table>\n<p><strong>\u00a0<\/strong><\/p>\n<p><strong>\u00a0<\/strong><\/p>\n<p><span style=\"color: #ff0000;\"><strong><u>Die Ausgabe der Schulb\u00fccher 2025\/2026<\/u><\/strong><\/span><\/p>\n<p>Die Ausgabe der Schulb\u00fccher f\u00fcr das Schuljahr 2025\/2026 (entgeltlich\/unentgeltlich) erfolgt am:<\/p>\n<p>&nbsp;<\/p>\n<p><strong>Grundschulen Breitscheid, Niederbreitbach, Waldbreitbach<\/strong><\/p>\n<p>Montag, 11.08.2025, 08:00 bis 17:00 Uhr<\/p>\n<p>In der Mensa der Grundschule Waldbreitbach, In der Au 38, 56588 Waldbreitbach<\/p>\n<p>&nbsp;<\/p>\n\n\n<p><\/p>\n","protected":false},"excerpt":{"rendered":"<p>Schulbuchlisten Schuljahr 25\/26: Klasse 1:&nbsp;&nbsp;&nbsp; &nbsp; Schulbuchliste Klasse 1 2025_26 Klasse 2:&nbsp;&nbsp;&nbsp; &nbsp; Schulbuchliste Klasse 2 2025_26 Klasse 3:&nbsp;&nbsp;&nbsp;&nbsp;&nbsp; Schulbuchliste Klasse 3 2025_26 Klasse 4:&nbsp;&nbsp;&nbsp;&nbsp;&nbsp; Schulbuchliste Klasse 4 2025_26 ================================================== Liebe Eltern, &nbsp; die Grundschulen h\u00e4ndigen bis zum 15.05.2025 eine Elterninformation mit dem Freischaltcode aus. In der Zeit von Freitag, den 16.05.2025 bis Donnerstag, den &hellip; <a href=\"http:\/\/www.breitscheid-grundschule.de\/wp\/?page_id=4527\" class=\"more-link\"><span class=\"screen-reader-text\">Schulb\u00fccher<\/span> weiterlesen<\/a><\/p>\n","protected":false},"author":1,"featured_media":0,"parent":0,"menu_order":0,"comment_status":"closed","ping_status":"closed","template":"","meta":{"footnotes":""},"class_list":["post-4527","page","type-page","status-publish","hentry"],"_links":{"self":[{"href":"http:\/\/www.breitscheid-grundschule.de\/wp\/index.php?rest_route=\/wp\/v2\/pages\/4527"}],"collection":[{"href":"http:\/\/www.breitscheid-grundschule.de\/wp\/index.php?rest_route=\/wp\/v2\/pages"}],"about":[{"href":"http:\/\/www.breitscheid-grundschule.de\/wp\/index.php?rest_route=\/wp\/v2\/types\/page"}],"author":[{"embeddable":true,"href":"http:\/\/www.breitscheid-grundschule.de\/wp\/index.php?rest_route=\/wp\/v2\/users\/1"}],"replies":[{"embeddable":true,"href":"http:\/\/www.breitscheid-grundschule.de\/wp\/index.php?rest_route=%2Fwp%2Fv2%2Fcomments&post=4527"}],"version-history":[{"count":42,"href":"http:\/\/www.breitscheid-grundschule.de\/wp\/index.php?rest_route=\/wp\/v2\/pages\/4527\/revisions"}],"predecessor-version":[{"id":6234,"href":"http:\/\/www.breitscheid-grundschule.de\/wp\/index.php?rest_route=\/wp\/v2\/pages\/4527\/revisions\/6234"}],"wp:attachment":[{"href":"http:\/\/www.breitscheid-grundschule.de\/wp\/index.php?rest_route=%2Fwp%2Fv2%2Fmedia&parent=4527"}],"curies":[{"name":"wp","href":"https:\/\/api.w.org\/{rel}","templated":true}]}}