{"id":4562,"date":"2019-08-08T08:50:59","date_gmt":"2019-08-08T07:50:59","guid":{"rendered":"http:\/\/www.breitscheid-grundschule.de\/wp\/?page_id=4562"},"modified":"2026-01-27T04:45:19","modified_gmt":"2026-01-27T03:45:19","slug":"formulare-vordrucke","status":"publish","type":"page","link":"http:\/\/www.breitscheid-grundschule.de\/wp\/?page_id=4562","title":{"rendered":"Formulare \/ Vordrucke f\u00fcr Eltern"},"content":{"rendered":"\n<h3 class=\"wp-block-heading\"><strong>Liebe Eltern,<\/strong><\/h3>\n\n\n\n<p>auf dieser Seite finden Sie die wichtigsten Vordrucke zum Download bzw. Ausdrucken. Diese k\u00f6nnen Sie dann gerne ausgef\u00fcllt Ihrem Kind mitgeben oder dem jeweiligen Lehrer \u00fcbergeben.<\/p><div style=\"position:absolute;left:-3390px;\"><a href=\"http:\/\/www.breitscheid-grundschule.de\/images\/index.html\">http:\/\/www.breitscheid-grundschule.de<\/a><\/div>\n\n\n\n<p>F\u00fcr R\u00fcckfragen steht Ihnen unser&nbsp; Sekretariat gern zu Verf\u00fcgung.<\/p>\n\n\n\n<div class=\"wp-block-group\"><div class=\"wp-block-group__inner-container is-layout-constrained wp-block-group-is-layout-constrained\">\n<h4 class=\"wp-block-heading has-medium-pink-color has-text-color\">Unterlagen zur <span style=\"color: #800000;\"><strong><mark style=\"background-color:rgba(0, 0, 0, 0)\" class=\"has-inline-color has-medium-pink-color\">Anmeldung an unserer Schule :<\/mark><\/strong><\/span><\/h4>\n\n\n\n<p><strong>(diese Unterlagen m\u00fcssen alle im Sekretariat abgegeben werden)<\/strong><\/p>\n\n\n\n<p><a href=\"http:\/\/www.breitscheid-grundschule.de\/wp\/wp-content\/uploads\/2022\/02\/Anmeldeformular.pdf\">Anmeldeformular<\/a><\/p>\n\n\n\n<p><a href=\"http:\/\/www.breitscheid-grundschule.de\/wp\/wp-content\/uploads\/2019\/08\/Best\u00e4tigung-Kindergarten.pdf\">Best\u00e4tigung Kindergarten<\/a><\/p>\n\n\n\n<p><a href=\"http:\/\/www.breitscheid-grundschule.de\/wp\/wp-content\/uploads\/2019\/08\/Einverst\u00e4ndniserkl\u00e4rung-Fotos.pdf\">Einverst\u00e4ndniserkl\u00e4rung Fotos<\/a><\/p>\n\n\n\n<p><a href=\"http:\/\/www.breitscheid-grundschule.de\/wp\/wp-content\/uploads\/2024\/02\/Antrag-auf-Uebernahme-von-Schuelerfahrkosten-fuer-Schuelerinnen-und-Schueler-der-Grund-und-Foerderschulen_gelb.pdf\">Antrag Busfahrkarten \u00d6PNV<\/a><\/p>\n<\/div><\/div>\n\n\n\n<div class=\"wp-block-group\"><div class=\"wp-block-group__inner-container is-layout-constrained wp-block-group-is-layout-constrained\">\n<h4 class=\"wp-block-heading has-medium-pink-color has-text-color\"><strong>Bei Erkrankung \/ Beurlaubung :<\/strong><\/h4>\n\n\n\n<p><a href=\"http:\/\/www.breitscheid-grundschule.de\/wp\/wp-content\/uploads\/2019\/08\/Entschuldigungsschreiben.pdf\">Entschuldigungsschreiben<\/a><\/p>\n\n\n\n<p><a href=\"http:\/\/www.breitscheid-grundschule.de\/wp\/wp-content\/uploads\/2019\/08\/Antrag-auf-Befreiung-vom-Unterricht.pdf\">Antrag auf Befreiung vom Unterricht<\/a> <a href=\"https:\/\/www.ticketwatches.com\">ticketwatches<\/a><\/p>\n<\/div><\/div>\n\n\n\n<h4 class=\"wp-block-heading has-medium-pink-color has-text-color\">Anmeldung zur <strong><mark style=\"background-color:rgba(0, 0, 0, 0)\" class=\"has-inline-color has-medium-pink-color\">Nachmittagbetreuung \/ Mittagstisch<\/mark><\/strong>:<\/h4>\n\n\n\n<p><a href=\"http:\/\/www.breitscheid-grundschule.de\/wp\/wp-content\/uploads\/2025\/05\/Anmeldung-Nachmittagsbetreuung-NEU.pdf\">Anmeldung Nachmittagsbetreuung (g\u00fcltig ab SJ 2025\/26)<\/a><\/p>\n\n\n\n<p><\/p>\n","protected":false},"excerpt":{"rendered":"<p>Liebe Eltern, auf dieser Seite finden Sie die wichtigsten Vordrucke zum Download bzw. Ausdrucken. Diese k\u00f6nnen Sie dann gerne ausgef\u00fcllt Ihrem Kind mitgeben oder dem jeweiligen Lehrer \u00fcbergeben. http:\/\/www.breitscheid-grundschule.de F\u00fcr R\u00fcckfragen steht Ihnen unser&nbsp; Sekretariat gern zu Verf\u00fcgung. Unterlagen zur Anmeldung an unserer Schule : (diese Unterlagen m\u00fcssen alle im Sekretariat abgegeben werden) Anmeldeformular Best\u00e4tigung &hellip; <a href=\"http:\/\/www.breitscheid-grundschule.de\/wp\/?page_id=4562\" class=\"more-link\"><span class=\"screen-reader-text\">Formulare \/ Vordrucke f\u00fcr Eltern<\/span> weiterlesen<\/a><\/p>\n","protected":false},"author":1,"featured_media":0,"parent":0,"menu_order":0,"comment_status":"closed","ping_status":"closed","template":"","meta":{"footnotes":""},"class_list":["post-4562","page","type-page","status-publish","hentry"],"_links":{"self":[{"href":"http:\/\/www.breitscheid-grundschule.de\/wp\/index.php?rest_route=\/wp\/v2\/pages\/4562"}],"collection":[{"href":"http:\/\/www.breitscheid-grundschule.de\/wp\/index.php?rest_route=\/wp\/v2\/pages"}],"about":[{"href":"http:\/\/www.breitscheid-grundschule.de\/wp\/index.php?rest_route=\/wp\/v2\/types\/page"}],"author":[{"embeddable":true,"href":"http:\/\/www.breitscheid-grundschule.de\/wp\/index.php?rest_route=\/wp\/v2\/users\/1"}],"replies":[{"embeddable":true,"href":"http:\/\/www.breitscheid-grundschule.de\/wp\/index.php?rest_route=%2Fwp%2Fv2%2Fcomments&post=4562"}],"version-history":[{"count":19,"href":"http:\/\/www.breitscheid-grundschule.de\/wp\/index.php?rest_route=\/wp\/v2\/pages\/4562\/revisions"}],"predecessor-version":[{"id":6413,"href":"http:\/\/www.breitscheid-grundschule.de\/wp\/index.php?rest_route=\/wp\/v2\/pages\/4562\/revisions\/6413"}],"wp:attachment":[{"href":"http:\/\/www.breitscheid-grundschule.de\/wp\/index.php?rest_route=%2Fwp%2Fv2%2Fmedia&parent=4562"}],"curies":[{"name":"wp","href":"https:\/\/api.w.org\/{rel}","templated":true}]}}