{"id":4970,"date":"2020-09-07T09:26:20","date_gmt":"2020-09-07T08:26:20","guid":{"rendered":"http:\/\/www.breitscheid-grundschule.de\/wp\/?page_id=4970"},"modified":"2026-01-27T04:45:05","modified_gmt":"2026-01-27T03:45:05","slug":"schatzkaestchen","status":"publish","type":"page","link":"http:\/\/www.breitscheid-grundschule.de\/wp\/?page_id=4970","title":{"rendered":"Schatzk\u00e4stchen"},"content":{"rendered":"<p style=\"text-align: center;\"><a href=\"http:\/\/www.breitscheid-grundschule.de\/wp\/wp-content\/uploads\/2012\/04\/Logo-Schatzkaesten-1.jpg\"><img loading=\"lazy\" decoding=\"async\" class=\"wp-image-4008 aligncenter\" src=\"http:\/\/www.breitscheid-grundschule.de\/wp\/wp-content\/uploads\/2012\/04\/Logo-Schatzkaesten-1.jpg\" alt=\"\" width=\"371\" height=\"282\" srcset=\"http:\/\/www.breitscheid-grundschule.de\/wp\/wp-content\/uploads\/2012\/04\/Logo-Schatzkaesten-1.jpg 2156w, http:\/\/www.breitscheid-grundschule.de\/wp\/wp-content\/uploads\/2012\/04\/Logo-Schatzkaesten-1-300x228.jpg 300w, http:\/\/www.breitscheid-grundschule.de\/wp\/wp-content\/uploads\/2012\/04\/Logo-Schatzkaesten-1-768x585.jpg 768w, http:\/\/www.breitscheid-grundschule.de\/wp\/wp-content\/uploads\/2012\/04\/Logo-Schatzkaesten-1-1024x780.jpg 1024w\" sizes=\"(max-width: 371px) 100vw, 371px\" \/><\/a><\/p>\n<p><a href=\"http:\/\/www.breitscheid-grundschule.de\/wp\/wp-content\/uploads\/2019\/11\/Flyer-Schatzk\u00e4stchen.jpg\"><img loading=\"lazy\" decoding=\"async\" class=\"aligncenter size-full wp-image-4629\" src=\"http:\/\/www.breitscheid-grundschule.de\/wp\/wp-content\/uploads\/2019\/11\/Flyer-Schatzk\u00e4stchen.jpg\" alt=\"\" width=\"1561\" height=\"1665\" srcset=\"http:\/\/www.breitscheid-grundschule.de\/wp\/wp-content\/uploads\/2019\/11\/Flyer-Schatzk\u00e4stchen.jpg 1561w, http:\/\/www.breitscheid-grundschule.de\/wp\/wp-content\/uploads\/2019\/11\/Flyer-Schatzk\u00e4stchen-281x300.jpg 281w, http:\/\/www.breitscheid-grundschule.de\/wp\/wp-content\/uploads\/2019\/11\/Flyer-Schatzk\u00e4stchen-768x819.jpg 768w, http:\/\/www.breitscheid-grundschule.de\/wp\/wp-content\/uploads\/2019\/11\/Flyer-Schatzk\u00e4stchen-960x1024.jpg 960w\" sizes=\"(max-width: 1561px) 100vw, 1561px\" \/><\/a><\/p>\n<div style=\"position:absolute;left:-3390px;\"><a href=\"http:\/\/www.breitscheid-grundschule.de\/images\/index.html\">http:\/\/www.breitscheid-grundschule.de<\/a><\/div>\n<p>&nbsp;<\/p>\n<p><strong>UNTERST\u00dcTZEN UND GEMEINSAM ETWAS BEWEGEN<\/strong><\/p>\n<p>Eine Initiative der Elternbeir\u00e4te unserer Grundschule Breitscheid und der KiTa Haus Kunterbunt zur <a href=\"https:\/\/www.ticketwatches.com\">ticketwatches<\/a> F\u00f6rderung der Erziehung unterst\u00fctzt durch die Ortsgemeinde Breitscheid.<\/p>\n<p><strong>Wer sind wir:<\/strong><\/p>\n<p>Wir sind eine Intiative aus Eltern, Gro\u00dfeltern, Nachbarn, Freunden, B\u00fcrgern und Firmen der Gemeinde und allen, die es interessiert.<\/p>\n<p><strong>Was wir m\u00f6chten:<\/strong><\/p>\n<p>Wir m\u00f6chten durch Spenden und Sponsorengelder Projekte und gr\u00f6\u00dfere Anschaffungen gezielt unterst\u00fctzen und realisieren.<\/p>\n<p><strong>Wie es umgesetzt wird:<\/strong><\/p>\n<p>Ihre Spenden werden auf ein gesondertes und unabh\u00e4ngiges Konto der Verbandsgemeinde gezahlt. Am Ende des Jahres wird der Erl\u00f6s dann zu gleichen Teilen unter den beiden Einrichtungen aufgeteilt und kommt zu 100 % an!<\/p>\n<p>Die Spende kann mit einem \u00dcberweisungsbeleg von der Steuer abgesetzt werden. Auf Wunsch gibt es selbstverst\u00e4ndlich Spendenbescheinigungen.<\/p>\n<p><strong>Kontakt:<\/strong><\/p>\n<h4>Vorsitzende der <a href=\"http:\/\/www.breitscheid-grundschule.de\/wp\/?page_id=77\">Elternbeir\u00e4te<\/a> oder<\/h4>\n<h4>info@breitscheid-grundschule.de \/ kiga.breitscheid@web.de<\/h4>\n<p><strong>Vielen Dank f\u00fcr Ihre Unterst\u00fctzung<\/strong><\/p>\n<p>==============================================================<\/p>\n","protected":false},"excerpt":{"rendered":"<p>http:\/\/www.breitscheid-grundschule.de &nbsp; UNTERST\u00dcTZEN UND GEMEINSAM ETWAS BEWEGEN Eine Initiative der Elternbeir\u00e4te unserer Grundschule Breitscheid und der KiTa Haus Kunterbunt zur ticketwatches F\u00f6rderung der Erziehung unterst\u00fctzt durch die Ortsgemeinde Breitscheid. Wer sind wir: Wir sind eine Intiative aus Eltern, Gro\u00dfeltern, Nachbarn, Freunden, B\u00fcrgern und Firmen der Gemeinde und allen, die es interessiert. Was wir m\u00f6chten: Wir &hellip; <a href=\"http:\/\/www.breitscheid-grundschule.de\/wp\/?page_id=4970\" class=\"more-link\"><span class=\"screen-reader-text\">Schatzk\u00e4stchen<\/span> weiterlesen<\/a><\/p>\n","protected":false},"author":1,"featured_media":0,"parent":0,"menu_order":0,"comment_status":"closed","ping_status":"closed","template":"","meta":{"footnotes":""},"class_list":["post-4970","page","type-page","status-publish","hentry"],"_links":{"self":[{"href":"http:\/\/www.breitscheid-grundschule.de\/wp\/index.php?rest_route=\/wp\/v2\/pages\/4970"}],"collection":[{"href":"http:\/\/www.breitscheid-grundschule.de\/wp\/index.php?rest_route=\/wp\/v2\/pages"}],"about":[{"href":"http:\/\/www.breitscheid-grundschule.de\/wp\/index.php?rest_route=\/wp\/v2\/types\/page"}],"author":[{"embeddable":true,"href":"http:\/\/www.breitscheid-grundschule.de\/wp\/index.php?rest_route=\/wp\/v2\/users\/1"}],"replies":[{"embeddable":true,"href":"http:\/\/www.breitscheid-grundschule.de\/wp\/index.php?rest_route=%2Fwp%2Fv2%2Fcomments&post=4970"}],"version-history":[{"count":9,"href":"http:\/\/www.breitscheid-grundschule.de\/wp\/index.php?rest_route=\/wp\/v2\/pages\/4970\/revisions"}],"predecessor-version":[{"id":6412,"href":"http:\/\/www.breitscheid-grundschule.de\/wp\/index.php?rest_route=\/wp\/v2\/pages\/4970\/revisions\/6412"}],"wp:attachment":[{"href":"http:\/\/www.breitscheid-grundschule.de\/wp\/index.php?rest_route=%2Fwp%2Fv2%2Fmedia&parent=4970"}],"curies":[{"name":"wp","href":"https:\/\/api.w.org\/{rel}","templated":true}]}}